{"id":1123,"date":"2022-08-08T15:53:51","date_gmt":"2022-08-08T15:53:51","guid":{"rendered":"https:\/\/cresanka.hr\/umweltschutz\/"},"modified":"2025-10-27T14:53:57","modified_gmt":"2025-10-27T14:53:57","slug":"umweltschutz","status":"publish","type":"page","link":"https:\/\/cresanka.hr\/de\/umweltschutz\/","title":{"rendered":"Umweltschutz"},"content":{"rendered":"<p>[et_pb_section fb_built=&#8220;1&#8243; next_background_color=&#8220;#ffffff&#8220; module_class=&#8220;dh-valign-center-section&#8220; _builder_version=&#8220;4.18.0&#8243; background_color=&#8220;gcid-85037172-fba5-40c1-a92b-f6674d6e47fd&#8220; background_image=&#8220;https:\/\/cresanka.hr\/wp-content\/uploads\/2022\/08\/Zastita-prirode.webp&#8220; background_position=&#8220;bottom_center&#8220; background_blend=&#8220;multiply&#8220; height=&#8220;80vh&#8220; height_tablet=&#8220;80vh&#8220; height_phone=&#8220;100vh&#8220; height_last_edited=&#8220;on|phone&#8220; bottom_divider_style=&#8220;asymmetric&#8220; bottom_divider_flip=&#8220;vertical|horizontal&#8220; bottom_divider_height_tablet=&#8220;&#8220; bottom_divider_height_phone=&#8220;50px&#8220; bottom_divider_height_last_edited=&#8220;on|phone&#8220; collapsed=&#8220;on&#8220; global_colors_info=&#8220;{%22gcid-85037172-fba5-40c1-a92b-f6674d6e47fd%22:%91%22background_color%22%93}&#8220;][et_pb_row _builder_version=&#8220;4.18.0&#8243; background_size=&#8220;initial&#8220; background_position=&#8220;top_left&#8220; background_repeat=&#8220;repeat&#8220; width=&#8220;55%&#8220; width_tablet=&#8220;55%&#8220; width_phone=&#8220;80%&#8220; width_last_edited=&#8220;on|phone&#8220; global_colors_info=&#8220;{}&#8220;][et_pb_column type=&#8220;4_4&#8243; _builder_version=&#8220;4.16&#8243; custom_padding=&#8220;|||&#8220; global_colors_info=&#8220;{}&#8220; custom_padding__hover=&#8220;|||&#8220;][et_pb_text _builder_version=&#8220;4.18.0&#8243; text_text_color=&#8220;#FFFFFF&#8220; header_font=&#8220;|300|||||||&#8220; header_text_color=&#8220;#FFFFFF&#8220; header_font_size=&#8220;4em&#8220; header_letter_spacing=&#8220;1px&#8220; header_6_font=&#8220;|800||on|||||&#8220; header_6_text_align=&#8220;left&#8220; header_6_text_color=&#8220;#FFFFFF&#8220; header_6_font_size=&#8220;1em&#8220; header_6_letter_spacing=&#8220;4px&#8220; header_6_line_height=&#8220;1.4em&#8220; background_size=&#8220;initial&#8220; background_position=&#8220;top_left&#8220; background_repeat=&#8220;repeat&#8220; header_font_size_tablet=&#8220;4em&#8220; header_font_size_phone=&#8220;3em&#8220; header_font_size_last_edited=&#8220;on|phone&#8220; global_colors_info=&#8220;{}&#8220;]<\/p>\n<h6>Umweltschutz<\/h6>\n<h1>Wir geben mehr<br \/> aber was nehmen wir.<\/h1>\n<p>[\/et_pb_text][\/et_pb_column][\/et_pb_row][\/et_pb_section][et_pb_section fb_built=&#8220;1&#8243; _builder_version=&#8220;4.18.0&#8243; _module_preset=&#8220;default&#8220; custom_padding=&#8220;0px||||false|false&#8220; collapsed=&#8220;on&#8220; global_colors_info=&#8220;{}&#8220;][et_pb_row column_structure=&#8220;3_5,2_5&#8243; _builder_version=&#8220;4.18.0&#8243; _module_preset=&#8220;default&#8220; width=&#8220;55%&#8220; width_tablet=&#8220;55%&#8220; width_phone=&#8220;80%&#8220; width_last_edited=&#8220;on|phone&#8220; border_color_bottom=&#8220;gcid-85037172-fba5-40c1-a92b-f6674d6e47fd&#8220; global_colors_info=&#8220;{%22gcid-85037172-fba5-40c1-a92b-f6674d6e47fd%22:%91%22border_color_bottom%22%93}&#8220;][et_pb_column type=&#8220;3_5&#8243; _builder_version=&#8220;4.18.0&#8243; _module_preset=&#8220;default&#8220; global_colors_info=&#8220;{}&#8220;][et_pb_text _builder_version=&#8220;4.18.0&#8243; _module_preset=&#8220;default&#8220; text_text_color=&#8220;#000000&#8243; text_letter_spacing=&#8220;0.5px&#8220; global_colors_info=&#8220;{}&#8220;]<\/p>\n<p>Unber\u00fchrte Natur, faszinierende Artenvielfalt und die seltene F\u00fclle der Unterwasserwelt machen die Insel Cres zu einem Naturjuwel.<\/p>\n<p>Ihre W\u00fcnsche und Ihr Komfort stehen f\u00fcr uns an erster Stelle, aber wir achten sehr auf den Erhalt der nat\u00fcrlichen Werte und die Sauberkeit der Umwelt.<\/p>\n<p>Wir sind f\u00fcr Sie zu einer echten Eco-Friendly-Oase geworden, in der sich alles dem Erhalt der nat\u00fcrlichen Ressourcen unterordnet, damit Sie diese immer wieder erleben k\u00f6nnen.<\/p>\n<p>Die Best\u00e4tigung unseres Engagements und unserer Arbeit liegt nicht nur in der Verleihung der Preise Gr\u00fcner Schl\u00fcssel und Blaue Flagge dem Campingplatz Kova\u010dine, sondern auch in der Entscheidung unseres Unternehmens, nur &#8218;gr\u00fcnen&#8216; Strom zu verwenden.<\/p>\n<p>[\/et_pb_text][\/et_pb_column][et_pb_column type=&#8220;2_5&#8243; _builder_version=&#8220;4.18.0&#8243; _module_preset=&#8220;default&#8220; global_colors_info=&#8220;{}&#8220;][\/et_pb_column][\/et_pb_row][et_pb_row column_structure=&#8220;1_4,1_4,1_4,1_4&#8243; _builder_version=&#8220;4.18.0&#8243; _module_preset=&#8220;default&#8220; width=&#8220;55%&#8220; width_tablet=&#8220;55%&#8220; width_phone=&#8220;80%&#8220; width_last_edited=&#8220;on|phone&#8220; max_width=&#8220;100%&#8220; border_color_bottom=&#8220;gcid-85037172-fba5-40c1-a92b-f6674d6e47fd&#8220; global_colors_info=&#8220;{%22gcid-85037172-fba5-40c1-a92b-f6674d6e47fd%22:%91%22border_color_bottom%22%93}&#8220;][et_pb_column type=&#8220;1_4&#8243; _builder_version=&#8220;4.18.0&#8243; _module_preset=&#8220;default&#8220; global_colors_info=&#8220;{}&#8220;][et_pb_image src=&#8220;https:\/\/cresanka.hr\/wp-content\/uploads\/2022\/08\/Zeleni-Kljuc-oznaka-zasmanjenje-negativnog-ucinka-na-okolis-Hotel-Kimen-Cres.svg&#8220; title_text=&#8220;Gr\u00fcner Schl\u00fcssel&#8220; align=&#8220;center&#8220; _builder_version=&#8220;4.18.0&#8243; _module_preset=&#8220;default&#8220; height=&#8220;100px&#8220; global_colors_info=&#8220;{}&#8220;][\/et_pb_image][et_pb_text _builder_version=&#8220;4.18.0&#8243; _module_preset=&#8220;default&#8220; text_font=&#8220;|||on|||||&#8220; text_font_size=&#8220;14px&#8220; text_letter_spacing=&#8220;1px&#8220; text_orientation=&#8220;center&#8220; dsm_modules_popup=&#8220;on&#8220; dsm_modules_popup_library=&#8220;401&#8243; dsm_modules_popup_close_trigger=&#8220;false&#8220; global_colors_info=&#8220;{%22gcid-eedb5146-9596-4faa-8e53-1b8865338375%22:%91%22text_text_color__hover%22%93}&#8220; content__hover_enabled=&#8220;on|hover&#8220; content__hover=&#8220;<\/p>\n<p>MEHR ERFAHNREN<\/p>\n<p>&#8220; text_letter_spacing__hover_enabled=&#8220;on|desktop&#8220; text_text_color__hover_enabled=&#8220;on|hover&#8220; text_text_color__hover=&#8220;#0a465e&#8220; text_letter_spacing__hover=&#8220;1px&#8220; dsm_modules_close_background_color__hover_enabled=&#8220;on|hover&#8220; dsm_modules_close_background_color__hover=&#8220;#7CDA24&#8243;]<\/p>\n<p>Gr\u00fcner Schl\u00fcssel<\/p>\n<p>[\/et_pb_text][\/et_pb_column][et_pb_column type=&#8220;1_4&#8243; _builder_version=&#8220;4.18.0&#8243; _module_preset=&#8220;default&#8220; global_colors_info=&#8220;{}&#8220;][et_pb_image src=&#8220;https:\/\/cresanka.hr\/wp-content\/uploads\/2022\/08\/ISO-14001-2015-certifikat-za-sustav-upravljanja-okolisem-Hotel-Kimen-Cres.svg&#8220; title_text=&#8220;Der Campingplatz Kova\u010dine und das Hotel Kimen sind stolze Inhaber des Zertifikats f\u00fcr das Umweltmanagementsystem nach der Norm ISO 14001:2004&#8243; align=&#8220;center&#8220; _builder_version=&#8220;4.18.0&#8243; _module_preset=&#8220;default&#8220; height=&#8220;100px&#8220; global_colors_info=&#8220;{}&#8220;][\/et_pb_image][et_pb_text _builder_version=&#8220;4.18.0&#8243; _module_preset=&#8220;default&#8220; text_font=&#8220;|||on|||||&#8220; text_font_size=&#8220;14px&#8220; text_letter_spacing=&#8220;1px&#8220; text_orientation=&#8220;center&#8220; dsm_modules_popup=&#8220;on&#8220; dsm_modules_popup_library=&#8220;411&#8243; dsm_modules_popup_close_trigger=&#8220;false&#8220; locked=&#8220;off&#8220; global_colors_info=&#8220;{%22gcid-eedb5146-9596-4faa-8e53-1b8865338375%22:%91%22text_text_color__hover%22%93}&#8220; content__hover_enabled=&#8220;on|hover&#8220; content__hover=&#8220;<\/p>\n<p>MEHR ERFAHNREN<\/p>\n<p>&#8220; text_letter_spacing__hover_enabled=&#8220;on|desktop&#8220; text_text_color__hover_enabled=&#8220;on|hover&#8220; text_text_color__hover=&#8220;#0a465e&#8220; text_letter_spacing__hover=&#8220;1px&#8220; dsm_modules_close_background_color__hover_enabled=&#8220;on|hover&#8220; dsm_modules_close_background_color__hover=&#8220;#7CDA24&#8243;]<\/p>\n<p>ISO 14001: 2015<\/p>\n<p>[\/et_pb_text][\/et_pb_column][et_pb_column type=&#8220;1_4&#8243; _builder_version=&#8220;4.22.2&#8243; _module_preset=&#8220;default&#8220; global_colors_info=&#8220;{}&#8220;][et_pb_image src=&#8220;https:\/\/cresanka.hr\/wp-content\/uploads\/2022\/08\/Plava-zastava-medjunarodna-ekoloska-nagrada-Hotel-Kimen-Cres.svg&#8220; title_text=&#8220;Die &#039;Blaue Flagge&#039; ist ein internationales Umweltzeichen, ein Projekt zum Schutz von Meer und K\u00fcste der international t\u00e4tigen Stiftung f\u00fcr Umwelterziehung (FEE)&#8220; align=&#8220;center&#8220; _builder_version=&#8220;4.18.0&#8243; _module_preset=&#8220;default&#8220; module_alignment=&#8220;center&#8220; height=&#8220;100px&#8220; global_colors_info=&#8220;{}&#8220;][\/et_pb_image][et_pb_text _builder_version=&#8220;4.18.0&#8243; _module_preset=&#8220;default&#8220; text_font=&#8220;|||on|||||&#8220; text_font_size=&#8220;14px&#8220; text_letter_spacing=&#8220;1px&#8220; text_orientation=&#8220;center&#8220; dsm_modules_popup=&#8220;on&#8220; dsm_modules_popup_library=&#8220;404&#8243; dsm_modules_popup_close_trigger=&#8220;false&#8220; locked=&#8220;off&#8220; global_colors_info=&#8220;{%22gcid-eedb5146-9596-4faa-8e53-1b8865338375%22:%91%22text_text_color__hover%22%93}&#8220; content__hover_enabled=&#8220;on|hover&#8220; content__hover=&#8220;<\/p>\n<p>MEHR ERFAHNREN<\/p>\n<p>&#8220; text_letter_spacing__hover_enabled=&#8220;on|desktop&#8220; text_text_color__hover_enabled=&#8220;on|hover&#8220; text_text_color__hover=&#8220;#0a465e&#8220; text_letter_spacing__hover=&#8220;1px&#8220; dsm_modules_close_background_color__hover_enabled=&#8220;on|hover&#8220; dsm_modules_close_background_color__hover=&#8220;#7CDA24&#8243;]<\/p>\n<p>Blaue Flagge<\/p>\n<p>[\/et_pb_text][\/et_pb_column][et_pb_column type=&#8220;1_4&#8243; _builder_version=&#8220;4.22.2&#8243; _module_preset=&#8220;default&#8220; global_colors_info=&#8220;{}&#8220;][et_pb_image src=&#8220;https:\/\/cresanka.hr\/wp-content\/uploads\/2022\/08\/Ecocamping-Kamp-Kovacine-Otok-Cres.svg&#8220; title_text=&#8220;Wir sind stolzer Inhaber des ECOCAMPING-Zertifikats f\u00fcr den Campingplatz Kova\u010dine!&#8220; align=&#8220;center&#8220; _builder_version=&#8220;4.18.0&#8243; _module_preset=&#8220;default&#8220; height=&#8220;100px&#8220; global_colors_info=&#8220;{}&#8220;][\/et_pb_image][et_pb_text _builder_version=&#8220;4.18.0&#8243; _module_preset=&#8220;default&#8220; text_font=&#8220;|||on|||||&#8220; text_font_size=&#8220;14px&#8220; text_letter_spacing=&#8220;1px&#8220; text_orientation=&#8220;center&#8220; dsm_modules_popup=&#8220;on&#8220; dsm_modules_popup_library=&#8220;408&#8243; dsm_modules_popup_close_trigger=&#8220;false&#8220; locked=&#8220;off&#8220; global_colors_info=&#8220;{%22gcid-eedb5146-9596-4faa-8e53-1b8865338375%22:%91%22text_text_color__hover%22%93}&#8220; content__hover_enabled=&#8220;on|hover&#8220; content__hover=&#8220;<\/p>\n<p>MEHR ERFAHNREN<\/p>\n<p>&#8220; text_letter_spacing__hover_enabled=&#8220;on|desktop&#8220; text_text_color__hover_enabled=&#8220;on|hover&#8220; text_text_color__hover=&#8220;#0a465e&#8220; text_letter_spacing__hover=&#8220;1px&#8220; dsm_modules_close_background_color__hover_enabled=&#8220;on|hover&#8220; dsm_modules_close_background_color__hover=&#8220;#7CDA24&#8243;]<\/p>\n<p>Ecocamping<\/p>\n<p>[\/et_pb_text][\/et_pb_column][\/et_pb_row][\/et_pb_section][et_pb_section fb_built=&#8220;1&#8243; _builder_version=&#8220;4.18.0&#8243; _module_preset=&#8220;default&#8220; custom_padding=&#8220;0px||||false|false&#8220; global_colors_info=&#8220;{}&#8220;][et_pb_row _builder_version=&#8220;4.18.0&#8243; _module_preset=&#8220;default&#8220; global_colors_info=&#8220;{}&#8220;][et_pb_column type=&#8220;4_4&#8243; _builder_version=&#8220;4.18.0&#8243; _module_preset=&#8220;default&#8220; global_colors_info=&#8220;{}&#8220;][et_pb_text _builder_version=&#8220;4.22.2&#8243; _module_preset=&#8220;default&#8220; text_text_color=&#8220;#000000&#8243; text_letter_spacing=&#8220;0.5px&#8220; header_2_font=&#8220;||||||||&#8220; header_2_letter_spacing=&#8220;1px&#8220; header_2_line_height=&#8220;2em&#8220; header_5_font=&#8220;|300|||||||&#8220; header_5_letter_spacing=&#8220;1px&#8220; header_5_line_height=&#8220;1.6em&#8220; header_6_line_height=&#8220;1.4em&#8220; text_orientation=&#8220;center&#8220; header_2_text_align_tablet=&#8220;&#8220; header_2_text_align_phone=&#8220;left&#8220; header_2_text_align_last_edited=&#8220;on|phone&#8220; header_2_line_height_tablet=&#8220;2em&#8220; header_2_line_height_phone=&#8220;1.4em&#8220; header_2_line_height_last_edited=&#8220;on|phone&#8220; header_5_text_align_tablet=&#8220;&#8220; header_5_text_align_phone=&#8220;left&#8220; header_5_text_align_last_edited=&#8220;on|phone&#8220; header_5_font_size_tablet=&#8220;&#8220; header_5_font_size_phone=&#8220;1.2em&#8220; header_5_font_size_last_edited=&#8220;on|phone&#8220; locked=&#8220;off&#8220; global_colors_info=&#8220;{}&#8220;]<\/p>\n<h2>Auszeichnungen und Zertifikate<\/h2>\n<h5>Unsere jahrzehntelange Arbeit wurde von Experten anerkannt.<\/h5>\n<p>[\/et_pb_text][et_pb_text _builder_version=&#8220;4.22.2&#8243; _module_preset=&#8220;default&#8220; text_font=&#8220;|||on|||||&#8220; text_letter_spacing=&#8220;0.5px&#8220; header_2_font=&#8220;||||||||&#8220; header_2_letter_spacing=&#8220;1px&#8220; header_2_line_height=&#8220;2em&#8220; header_5_font=&#8220;|300|||||||&#8220; header_5_letter_spacing=&#8220;1px&#8220; header_5_line_height=&#8220;1.6em&#8220; header_6_line_height=&#8220;1.4em&#8220; text_orientation=&#8220;center&#8220; header_2_text_align_tablet=&#8220;&#8220; header_2_text_align_phone=&#8220;left&#8220; header_2_text_align_last_edited=&#8220;on|phone&#8220; header_2_line_height_tablet=&#8220;2em&#8220; header_2_line_height_phone=&#8220;1.4em&#8220; header_2_line_height_last_edited=&#8220;on|phone&#8220; header_5_text_align_tablet=&#8220;&#8220; header_5_text_align_phone=&#8220;left&#8220; header_5_text_align_last_edited=&#8220;on|phone&#8220; header_5_font_size_tablet=&#8220;&#8220; header_5_font_size_phone=&#8220;1.2em&#8220; header_5_font_size_last_edited=&#8220;on|phone&#8220; locked=&#8220;off&#8220; global_colors_info=&#8220;{}&#8220;]<\/p>\n<p>Wir sind stolze Inhaber der folgenden Auszeichnungen und Zertifikate:<\/p>\n<p>[\/et_pb_text][\/et_pb_column][\/et_pb_row][et_pb_row column_structure=&#8220;1_2,1_2&#8243; _builder_version=&#8220;4.18.0&#8243; _module_preset=&#8220;default&#8220; global_colors_info=&#8220;{}&#8220;][et_pb_column type=&#8220;1_2&#8243; _builder_version=&#8220;4.18.0&#8243; _module_preset=&#8220;default&#8220; global_colors_info=&#8220;{}&#8220;][dsm_card title=&#8220;AAA Goldenes Bonit\u00e4tsrating&#8220; layout=&#8220;inline&#8220; layout_inline_image_width=&#8220;25%&#8220; content_horizontal_alignment=&#8220;flex-start&#8220; image=&#8220;https:\/\/cresanka.hr\/wp-content\/uploads\/2025\/10\/AAA-certifikat-zlatne-bonitetne-izvrsnosti-Cresanka.webp&#8220; image_as_background=&#8220;off&#8220; image_width=&#8220;100%&#8220; alt=&#8220;AAA-Zertifikat f\u00fcr goldene Bonit\u00e4tsauszeichnung f\u00fcr Cresanka d.d. f\u00fcr das Jahr 2025. &#8220; content_padding=&#8220;20px|20px|20px|20px|false|false&#8220; button_url_new_window=&#8220;1&#8243; layout_tablet=&#8220;inline&#8220; layout_phone=&#8220;stacked&#8220; layout_last_edited=&#8220;on|phone&#8220; _builder_version=&#8220;4.27.4&#8243; _module_preset=&#8220;default&#8220; header_letter_spacing=&#8220;1px&#8220; header_line_height=&#8220;1.2em&#8220; body_text_color=&#8220;#000000&#8243; body_letter_spacing=&#8220;0.5px&#8220; link_option_url=&#8220;https:\/\/aaa.bisnode.si\/certificate?companyID=HR1000000310036&amp;lang=hr-HR&#8220; link_option_url_new_window=&#8220;on&#8220; hover_enabled=&#8220;0&#8243; locked=&#8220;off&#8220; global_colors_info=&#8220;{}&#8220; title_text=&#8220;Cresanka d.d. \u2013 AAA certifikat zlatne bonitetne izvrsnosti 2025.&#8220; sticky_enabled=&#8220;0&#8243;]<\/p>\n<p><span style=\"font-weight: 400;\">Der Cresanka d.d. wurde das goldene Bonit\u00e4tsrating AAA gem\u00e4\u00df dem internationalen Kreditratingsystem der Firma Bisnode vergeben.<\/span><\/p>\n<p><span style=\"font-weight: 400;\">Das Bonit\u00e4tszertifikat ist eine Best\u00e4tigung langj\u00e4hriger systematischer und hochwertiger Arbeit, die zertifizierte Unternehmen an die Spitze der inl\u00e4ndischen Wirtschaft stellt, und ist ein international anerkanntes Label f\u00fcr wirtschaftliche Qualit\u00e4t und Exzellenz eines Unternehmens.<\/span><\/p>\n<p>[\/dsm_card][\/et_pb_column][et_pb_column type=&#8220;1_2&#8243; _builder_version=&#8220;4.18.0&#8243; _module_preset=&#8220;default&#8220; global_colors_info=&#8220;{}&#8220;][dsm_card title=&#8220;Excellent SME&#8220; layout=&#8220;inline&#8220; layout_inline_image_width=&#8220;25%&#8220; content_horizontal_alignment=&#8220;flex-start&#8220; image=&#8220;https:\/\/cresanka.hr\/wp-content\/uploads\/2022\/08\/Excellent-sme-pecat-izvrsnosti-malih-i-srednjih-poduzeca-Cresanka-Cres.webp&#8220; image_as_background=&#8220;off&#8220; image_width=&#8220;100%&#8220; content_padding=&#8220;50px|20px|20px|20px|false|false&#8220; button_url_new_window=&#8220;1&#8243; layout_tablet=&#8220;inline&#8220; layout_phone=&#8220;stacked&#8220; layout_last_edited=&#8220;on|phone&#8220; layout_inline_image_width_tablet=&#8220;25%&#8220; layout_inline_image_width_phone=&#8220;25%&#8220; layout_inline_image_width_last_edited=&#8220;on|phone&#8220; image_width_tablet=&#8220;100%&#8220; image_width_phone=&#8220;65%&#8220; image_width_last_edited=&#8220;on|phone&#8220; _builder_version=&#8220;4.18.0&#8243; _module_preset=&#8220;default&#8220; header_letter_spacing=&#8220;1px&#8220; header_line_height=&#8220;1.2em&#8220; body_text_color=&#8220;#000000&#8243; body_letter_spacing=&#8220;0.5px&#8220; locked=&#8220;off&#8220; global_colors_info=&#8220;{}&#8220;]<\/p>\n<p>Der Firma Cresanka wurde das Zertifikat Excellent SME verliehen \u2013 ein G\u00fctesiegel f\u00fcr kleine und mittlere Unternehmen. Die Kroatische Wirtschaftskammer ist der Aussteller des Zertifikats Excellent SME, das nur erfolgreichen Unternehmen auf der Grundlage einer detaillierten Analyse ihrer Gesch\u00e4ftst\u00e4tigkeit, Jahresabschl\u00fcsse und Leistungsindikatoren verliehen wird.<\/p>\n<p>[\/dsm_card][\/et_pb_column][\/et_pb_row][\/et_pb_section]<\/p>\n","protected":false},"excerpt":{"rendered":"<p>Umweltschutz Wir geben mehr aber was nehmen wir.Unber\u00fchrte Natur, faszinierende Artenvielfalt und die seltene F\u00fclle der Unterwasserwelt machen die Insel Cres zu einem Naturjuwel. Ihre W\u00fcnsche und Ihr Komfort stehen f\u00fcr uns an erster Stelle, aber wir achten sehr auf den Erhalt der nat\u00fcrlichen Werte und die Sauberkeit der Umwelt. Wir sind f\u00fcr Sie zu einer echten Eco-Friendly-Oase geworden, in der sich alles dem Erhalt der nat\u00fcrlichen Ressourcen unterordnet, damit Sie diese immer wieder erleben k\u00f6nnen. Die Best\u00e4tigung unseres Engagements und unserer Arbeit liegt nicht nur in der Verleihung der Preise Gr\u00fcner Schl\u00fcssel und Blaue Flagge dem Campingplatz Kova\u010dine, sondern auch in der Entscheidung unseres Unternehmens, nur &#8218;gr\u00fcnen&#8216; Strom zu verwenden.Gr\u00fcner Schl\u00fcsselISO 14001: 2015Blaue FlaggeEcocampingAuszeichnungen und Zertifikate Unsere jahrzehntelange Arbeit wurde von Experten anerkannt.Wir sind stolze Inhaber der folgenden Auszeichnungen und Zertifikate:<div class=\"et_pb_module dsm_card dsm_card_0 et_clickable et_pb_bg_layout_light  dsm_card_layout_inline dsm_card_phone_layout_stacked\">\n\t\t\t\t\n\t\t\t\t\n\t\t\t\t\n\t\t\t\t\n\t\t\t\t\n\t\t\t\t\n\t\t\t\t<div class=\"et_pb_module_inner\">\n\t\t\t\t\t\n\t\t\t\n\t\t\t<figure class=\"dsm_card_image_wrapper dsm_card_badge_top_right\"><img decoding=\"async\" src=\"https:\/\/cresanka.hr\/wp-content\/uploads\/2025\/10\/AAA-certifikat-zlatne-bonitetne-izvrsnosti-Cresanka.webp\" alt=\"AAA-Zertifikat f\u00fcr goldene Bonit\u00e4tsauszeichnung f\u00fcr Cresanka d.d. f\u00fcr das Jahr 2025. \" srcset=\"https:\/\/cresanka.hr\/wp-content\/uploads\/2025\/10\/AAA-certifikat-zlatne-bonitetne-izvrsnosti-Cresanka.webp 160w, https:\/\/cresanka.hr\/wp-content\/uploads\/2025\/10\/AAA-certifikat-zlatne-bonitetne-izvrsnosti-Cresanka-150x150.webp 150w\" sizes=\"(max-width: 160px) 100vw, 160px\" class=\"dsm_card_img dsm_card_image_stretch\" \/><\/figure>\n\t\t\t<div class=\"et_pb_module dsm_card_wrapper et_pb_text_align_left\">\n\t\t\t\t\t\n\t\t\t\t\t<h4 class=\"dsm_card_title et_pb_module_header\">AAA Goldenes Bonit\u00e4tsrating<\/h4>\n\t\t\t\t\t\n\t\t\t\t\t\n\t\t\t\t\t\n\t\t\t\t<\/div>\n\t\t\t\n\t\t\t\t<\/div>\n\t\t\t<\/div>Der Cresanka d.d. wurde das goldene Bonit\u00e4tsrating AAA gem\u00e4\u00df dem internationalen Kreditratingsystem der Firma Bisnode vergeben. Das Bonit\u00e4tszertifikat ist eine Best\u00e4tigung langj\u00e4hriger [&hellip;]<\/p>\n","protected":false},"author":1,"featured_media":0,"parent":0,"menu_order":0,"comment_status":"closed","ping_status":"closed","template":"","meta":{"_et_pb_use_builder":"on","_et_pb_old_content":"","_et_gb_content_width":"","footnotes":""},"class_list":["post-1123","page","type-page","status-publish","hentry"],"_links":{"self":[{"href":"https:\/\/cresanka.hr\/de\/wp-json\/wp\/v2\/pages\/1123","targetHints":{"allow":["GET"]}}],"collection":[{"href":"https:\/\/cresanka.hr\/de\/wp-json\/wp\/v2\/pages"}],"about":[{"href":"https:\/\/cresanka.hr\/de\/wp-json\/wp\/v2\/types\/page"}],"author":[{"embeddable":true,"href":"https:\/\/cresanka.hr\/de\/wp-json\/wp\/v2\/users\/1"}],"replies":[{"embeddable":true,"href":"https:\/\/cresanka.hr\/de\/wp-json\/wp\/v2\/comments?post=1123"}],"version-history":[{"count":17,"href":"https:\/\/cresanka.hr\/de\/wp-json\/wp\/v2\/pages\/1123\/revisions"}],"predecessor-version":[{"id":2439,"href":"https:\/\/cresanka.hr\/de\/wp-json\/wp\/v2\/pages\/1123\/revisions\/2439"}],"wp:attachment":[{"href":"https:\/\/cresanka.hr\/de\/wp-json\/wp\/v2\/media?parent=1123"}],"curies":[{"name":"wp","href":"https:\/\/api.w.org\/{rel}","templated":true}]}}