{"id":1141,"date":"2022-09-01T12:52:36","date_gmt":"2022-09-01T12:52:36","guid":{"rendered":"https:\/\/cresanka.hr\/galerie\/"},"modified":"2022-09-10T13:40:27","modified_gmt":"2022-09-10T13:40:27","slug":"galerie","status":"publish","type":"page","link":"https:\/\/cresanka.hr\/de\/galerie\/","title":{"rendered":"Galerie"},"content":{"rendered":"<p>[et_pb_section fb_built=&#8220;1&#8243; next_background_color=&#8220;#ffffff&#8220; module_class=&#8220;dh-valign-center-section&#8220; _builder_version=&#8220;4.18.0&#8243; background_color=&#8220;gcid-85037172-fba5-40c1-a92b-f6674d6e47fd&#8220; background_image=&#8220;https:\/\/cresanka.hr\/wp-content\/uploads\/2022\/08\/Covid-19.webp&#8220; background_position=&#8220;bottom_center&#8220; background_blend=&#8220;multiply&#8220; height=&#8220;80vh&#8220; bottom_divider_style=&#8220;asymmetric&#8220; bottom_divider_flip=&#8220;vertical|horizontal&#8220; hover_enabled=&#8220;0&#8243; locked=&#8220;off&#8220; global_colors_info=&#8220;{%22gcid-85037172-fba5-40c1-a92b-f6674d6e47fd%22:%91%22background_color%22%93}&#8220; bottom_divider_height_last_edited=&#8220;on|phone&#8220; bottom_divider_height_phone=&#8220;50px&#8220; height_last_edited=&#8220;on|phone&#8220; sticky_enabled=&#8220;0&#8243; height_tablet=&#8220;80vh&#8220; height_phone=&#8220;80vh&#8220;][et_pb_row _builder_version=&#8220;4.18.0&#8243; background_size=&#8220;initial&#8220; background_position=&#8220;top_left&#8220; background_repeat=&#8220;repeat&#8220; width=&#8220;55%&#8220; hover_enabled=&#8220;0&#8243; global_colors_info=&#8220;{}&#8220; width_last_edited=&#8220;on|phone&#8220; width_phone=&#8220;80%&#8220; sticky_enabled=&#8220;0&#8243; width_tablet=&#8220;55%&#8220;][et_pb_column type=&#8220;4_4&#8243; _builder_version=&#8220;4.16&#8243; custom_padding=&#8220;|||&#8220; global_colors_info=&#8220;{}&#8220; custom_padding__hover=&#8220;|||&#8220;][et_pb_text _builder_version=&#8220;4.18.0&#8243; text_text_color=&#8220;#FFFFFF&#8220; header_font=&#8220;|300|||||||&#8220; header_text_color=&#8220;#FFFFFF&#8220; header_font_size=&#8220;4em&#8220; header_letter_spacing=&#8220;1px&#8220; header_5_text_color=&#8220;#FFFFFF&#8220; header_5_line_height=&#8220;1.4em&#8220; header_6_font=&#8220;|800||on|||||&#8220; header_6_text_align=&#8220;left&#8220; header_6_text_color=&#8220;#FFFFFF&#8220; header_6_font_size=&#8220;1em&#8220; header_6_letter_spacing=&#8220;4px&#8220; header_6_line_height=&#8220;1.4em&#8220; background_size=&#8220;initial&#8220; background_position=&#8220;top_left&#8220; background_repeat=&#8220;repeat&#8220; hover_enabled=&#8220;0&#8243; global_colors_info=&#8220;{}&#8220; header_5_font_size_last_edited=&#8220;on|phone&#8220; header_5_font_size_phone=&#8220;1.2em&#8220; sticky_enabled=&#8220;0&#8243;]<\/p>\n<h1>Galerie<\/h1>\n<h5>Nehmen Sie \u00fcber die Fotos zumindest einen Teil der Inselatmosph\u00e4re und des f\u00fcr Sie konzipierten Erlebnisses auf.<\/h5>\n<p>[\/et_pb_text][\/et_pb_column][\/et_pb_row][\/et_pb_section][et_pb_section fb_built=&#8220;1&#8243; module_class=&#8220;dh-valign-center-section&#8220; _builder_version=&#8220;4.18.0&#8243; background_enable_image=&#8220;off&#8220; background_position=&#8220;bottom_center&#8220; background_blend=&#8220;multiply&#8220; custom_margin=&#8220;||||false|false&#8220; bottom_divider_flip=&#8220;vertical|horizontal&#8220; global_colors_info=&#8220;{}&#8220;][et_pb_row use_custom_gutter=&#8220;on&#8220; gutter_width=&#8220;1&#8243; _builder_version=&#8220;4.18.0&#8243; _module_preset=&#8220;default&#8220; width=&#8220;100%&#8220; module_alignment=&#8220;center&#8220; global_colors_info=&#8220;{}&#8220;][et_pb_column type=&#8220;4_4&#8243; _builder_version=&#8220;4.18.0&#8243; _module_preset=&#8220;default&#8220; global_colors_info=&#8220;{}&#8220;][et_pb_gallery gallery_ids=&#8220;534,535,536,537,538,539,540,541,542,543,544,545,546,547,548,549,550,551,552,553,554,555,556,557&#8243; posts_number=&#8220;12&#8243; show_title_and_caption=&#8220;off&#8220; hover_overlay_color=&#8220;gcid-8ffc3cc5-0091-4df3-848f-56d8d1bb961b&#8220; hover_icon=&#8220;T||divi||400&#8243; _builder_version=&#8220;4.18.0&#8243; _module_preset=&#8220;default&#8220; pagination_font=&#8220;|||on|||||&#8220; pagination_text_color=&#8220;#000000&#8243; pagination_font_size=&#8220;12px&#8220; pagination_letter_spacing=&#8220;1px&#8220; border_width_all_image=&#8220;1px&#8220; border_color_all_image=&#8220;#FFFFFF&#8220; global_colors_info=&#8220;{%22gcid-8ffc3cc5-0091-4df3-848f-56d8d1bb961b%22:%91%22hover_overlay_color%22%93}&#8220;][\/et_pb_gallery][\/et_pb_column][\/et_pb_row][\/et_pb_section]<\/p>\n","protected":false},"excerpt":{"rendered":"<p>Galerie Nehmen Sie \u00fcber die Fotos zumindest einen Teil der Inselatmosph\u00e4re und des f\u00fcr Sie konzipierten Erlebnisses auf.<\/p>\n","protected":false},"author":1,"featured_media":0,"parent":0,"menu_order":0,"comment_status":"closed","ping_status":"closed","template":"","meta":{"_et_pb_use_builder":"on","_et_pb_old_content":"","_et_gb_content_width":"","footnotes":""},"class_list":["post-1141","page","type-page","status-publish","hentry"],"_links":{"self":[{"href":"https:\/\/cresanka.hr\/de\/wp-json\/wp\/v2\/pages\/1141","targetHints":{"allow":["GET"]}}],"collection":[{"href":"https:\/\/cresanka.hr\/de\/wp-json\/wp\/v2\/pages"}],"about":[{"href":"https:\/\/cresanka.hr\/de\/wp-json\/wp\/v2\/types\/page"}],"author":[{"embeddable":true,"href":"https:\/\/cresanka.hr\/de\/wp-json\/wp\/v2\/users\/1"}],"replies":[{"embeddable":true,"href":"https:\/\/cresanka.hr\/de\/wp-json\/wp\/v2\/comments?post=1141"}],"version-history":[{"count":2,"href":"https:\/\/cresanka.hr\/de\/wp-json\/wp\/v2\/pages\/1141\/revisions"}],"predecessor-version":[{"id":1143,"href":"https:\/\/cresanka.hr\/de\/wp-json\/wp\/v2\/pages\/1141\/revisions\/1143"}],"wp:attachment":[{"href":"https:\/\/cresanka.hr\/de\/wp-json\/wp\/v2\/media?parent=1141"}],"curies":[{"name":"wp","href":"https:\/\/api.w.org\/{rel}","templated":true}]}}