{"id":1912,"date":"2024-01-17T12:37:45","date_gmt":"2024-01-17T12:37:45","guid":{"rendered":"https:\/\/cresanka.hr\/angaben-ueber-das-reisebuero\/"},"modified":"2024-01-17T12:48:19","modified_gmt":"2024-01-17T12:48:19","slug":"angaben-ueber-das-reisebuero","status":"publish","type":"page","link":"https:\/\/cresanka.hr\/de\/angaben-ueber-das-reisebuero\/","title":{"rendered":"Angaben \u00fcber das Reiseb\u00fcro"},"content":{"rendered":"<p>[et_pb_section fb_built=&#8220;1&#8243; next_background_color=&#8220;#ffffff&#8220; module_class=&#8220;dh-valign-center-section&#8220; _builder_version=&#8220;4.23.4&#8243; background_image=&#8220;https:\/\/cresanka.hr\/wp-content\/uploads\/2022\/09\/Plaza-Mali-Bok-Orlec-Cres.webp&#8220; height=&#8220;60vh&#8220; height_tablet=&#8220;80vh&#8220; height_phone=&#8220;80vh&#8220; height_last_edited=&#8220;on|phone&#8220; bottom_divider_style=&#8220;asymmetric&#8220; bottom_divider_flip=&#8220;vertical|horizontal&#8220; bottom_divider_height_tablet=&#8220;&#8220; bottom_divider_height_phone=&#8220;50px&#8220; bottom_divider_height_last_edited=&#8220;on|phone&#8220; global_colors_info=&#8220;{}&#8220;][et_pb_row _builder_version=&#8220;4.18.0&#8243; background_size=&#8220;initial&#8220; background_position=&#8220;top_left&#8220; background_repeat=&#8220;repeat&#8220; width=&#8220;55%&#8220; width_tablet=&#8220;55%&#8220; width_phone=&#8220;80%&#8220; width_last_edited=&#8220;on|phone&#8220; global_colors_info=&#8220;{}&#8220;][et_pb_column type=&#8220;4_4&#8243; _builder_version=&#8220;4.16&#8243; custom_padding=&#8220;|||&#8220; global_colors_info=&#8220;{}&#8220; custom_padding__hover=&#8220;|||&#8220;][et_pb_text _builder_version=&#8220;4.23.4&#8243; text_text_color=&#8220;#FFFFFF&#8220; header_font=&#8220;|300|||||||&#8220; header_text_color=&#8220;#FFFFFF&#8220; header_font_size=&#8220;4em&#8220; header_letter_spacing=&#8220;1px&#8220; header_5_text_color=&#8220;#FFFFFF&#8220; header_5_letter_spacing=&#8220;1px&#8220; header_5_line_height=&#8220;1.4em&#8220; header_6_font=&#8220;|800|||||||&#8220; header_6_text_align=&#8220;center&#8220; header_6_text_color=&#8220;#FFFFFF&#8220; header_6_font_size=&#8220;1em&#8220; header_6_letter_spacing=&#8220;4px&#8220; header_6_line_height=&#8220;1.4em&#8220; background_size=&#8220;initial&#8220; background_position=&#8220;top_left&#8220; background_repeat=&#8220;repeat&#8220; header_5_font_size_tablet=&#8220;&#8220; header_5_font_size_phone=&#8220;1.2em&#8220; header_5_font_size_last_edited=&#8220;on|phone&#8220; global_colors_info=&#8220;{}&#8220;]<\/p>\n<h1>Angaben \u00fcber das Reiseb\u00fcro<\/h1>\n<p>[\/et_pb_text][\/et_pb_column][\/et_pb_row][\/et_pb_section][et_pb_section fb_built=&#8220;1&#8243; _builder_version=&#8220;4.18.0&#8243; _module_preset=&#8220;default&#8220; custom_padding=&#8220;0px||||false|false&#8220; global_colors_info=&#8220;{}&#8220;][et_pb_row column_structure=&#8220;3_4,1_4&#8243; _builder_version=&#8220;4.18.0&#8243; _module_preset=&#8220;default&#8220; width=&#8220;55%&#8220; width_tablet=&#8220;55%&#8220; width_phone=&#8220;80%&#8220; width_last_edited=&#8220;on|phone&#8220; border_color_bottom=&#8220;gcid-85037172-fba5-40c1-a92b-f6674d6e47fd&#8220; global_colors_info=&#8220;{%22gcid-85037172-fba5-40c1-a92b-f6674d6e47fd%22:%91%22border_color_bottom%22%93}&#8220;][et_pb_column type=&#8220;3_4&#8243; _builder_version=&#8220;4.18.0&#8243; _module_preset=&#8220;default&#8220; global_colors_info=&#8220;{}&#8220;][et_pb_text _builder_version=&#8220;4.23.4&#8243; _module_preset=&#8220;default&#8220; text_text_color=&#8220;#000000&#8243; text_letter_spacing=&#8220;0.5px&#8220; ul_font_size=&#8220;16px&#8220; ul_line_height=&#8220;2em&#8220; header_3_line_height=&#8220;2em&#8220; global_colors_info=&#8220;{}&#8220;]<\/p>\n<p>Leiter der Reiseb\u00fcro-Gesch\u00e4ftsstelle:<br \/><strong>Vera Pope<\/strong><\/p>\n<p>Firmenbuchnummer:<br \/><strong>040017236<\/strong><\/p>\n<p>ID-Code<br \/><strong>HR-B-51-040017236<\/strong><\/p>\n<p>Zust\u00e4ndige Beh\u00f6rde:<br \/><strong>Staatliche Aufsichtsbeh\u00f6rde \u2013 Touristische Aufsichtsstelle<br \/><\/strong>\u0160ubi\u0107eva 29, 10 000 Zagreb<\/p>\n<p>[\/et_pb_text][\/et_pb_column][et_pb_column type=&#8220;1_4&#8243; _builder_version=&#8220;4.18.0&#8243; _module_preset=&#8220;default&#8220; global_colors_info=&#8220;{}&#8220;][\/et_pb_column][\/et_pb_row][\/et_pb_section]<\/p>\n","protected":false},"excerpt":{"rendered":"<p>Angaben \u00fcber das Reiseb\u00fcroLeiter der Reiseb\u00fcro-Gesch\u00e4ftsstelle:Vera Pope Firmenbuchnummer:040017236 ID-CodeHR-B-51-040017236 Zust\u00e4ndige Beh\u00f6rde:Staatliche Aufsichtsbeh\u00f6rde \u2013 Touristische Aufsichtsstelle\u0160ubi\u0107eva 29, 10 000 Zagreb<\/p>\n","protected":false},"author":1,"featured_media":0,"parent":0,"menu_order":0,"comment_status":"closed","ping_status":"closed","template":"","meta":{"_et_pb_use_builder":"on","_et_pb_old_content":"","_et_gb_content_width":"","footnotes":""},"class_list":["post-1912","page","type-page","status-publish","hentry"],"_links":{"self":[{"href":"https:\/\/cresanka.hr\/de\/wp-json\/wp\/v2\/pages\/1912","targetHints":{"allow":["GET"]}}],"collection":[{"href":"https:\/\/cresanka.hr\/de\/wp-json\/wp\/v2\/pages"}],"about":[{"href":"https:\/\/cresanka.hr\/de\/wp-json\/wp\/v2\/types\/page"}],"author":[{"embeddable":true,"href":"https:\/\/cresanka.hr\/de\/wp-json\/wp\/v2\/users\/1"}],"replies":[{"embeddable":true,"href":"https:\/\/cresanka.hr\/de\/wp-json\/wp\/v2\/comments?post=1912"}],"version-history":[{"count":5,"href":"https:\/\/cresanka.hr\/de\/wp-json\/wp\/v2\/pages\/1912\/revisions"}],"predecessor-version":[{"id":1926,"href":"https:\/\/cresanka.hr\/de\/wp-json\/wp\/v2\/pages\/1912\/revisions\/1926"}],"wp:attachment":[{"href":"https:\/\/cresanka.hr\/de\/wp-json\/wp\/v2\/media?parent=1912"}],"curies":[{"name":"wp","href":"https:\/\/api.w.org\/{rel}","templated":true}]}}