{"id":1186,"date":"2022-08-08T15:53:51","date_gmt":"2022-08-08T15:53:51","guid":{"rendered":"https:\/\/cresanka.hr\/conservazione-della-natura\/"},"modified":"2025-10-27T14:56:44","modified_gmt":"2025-10-27T14:56:44","slug":"conservazione-della-natura","status":"publish","type":"page","link":"https:\/\/cresanka.hr\/it\/conservazione-della-natura\/","title":{"rendered":"Conservazione della natura"},"content":{"rendered":"<p>[et_pb_section fb_built=&#8221;1&#8243; next_background_color=&#8221;#ffffff&#8221; module_class=&#8221;dh-valign-center-section&#8221; _builder_version=&#8221;4.18.0&#8243; background_color=&#8221;gcid-85037172-fba5-40c1-a92b-f6674d6e47fd&#8221; background_image=&#8221;https:\/\/cresanka.hr\/wp-content\/uploads\/2022\/08\/Zastita-prirode.webp&#8221; background_position=&#8221;bottom_center&#8221; background_blend=&#8221;multiply&#8221; height=&#8221;80vh&#8221; height_tablet=&#8221;80vh&#8221; height_phone=&#8221;100vh&#8221; height_last_edited=&#8221;on|phone&#8221; bottom_divider_style=&#8221;asymmetric&#8221; bottom_divider_flip=&#8221;vertical|horizontal&#8221; bottom_divider_height_tablet=&#8221;&#8221; bottom_divider_height_phone=&#8221;50px&#8221; bottom_divider_height_last_edited=&#8221;on|phone&#8221; collapsed=&#8221;on&#8221; global_colors_info=&#8221;{%22gcid-85037172-fba5-40c1-a92b-f6674d6e47fd%22:%91%22background_color%22%93}&#8221;][et_pb_row _builder_version=&#8221;4.18.0&#8243; background_size=&#8221;initial&#8221; background_position=&#8221;top_left&#8221; background_repeat=&#8221;repeat&#8221; width=&#8221;55%&#8221; width_tablet=&#8221;55%&#8221; width_phone=&#8221;80%&#8221; width_last_edited=&#8221;on|phone&#8221; global_colors_info=&#8221;{}&#8221;][et_pb_column type=&#8221;4_4&#8243; _builder_version=&#8221;4.16&#8243; custom_padding=&#8221;|||&#8221; global_colors_info=&#8221;{}&#8221; custom_padding__hover=&#8221;|||&#8221;][et_pb_text _builder_version=&#8221;4.18.0&#8243; text_text_color=&#8221;#FFFFFF&#8221; header_font=&#8221;|300|||||||&#8221; header_text_color=&#8221;#FFFFFF&#8221; header_font_size=&#8221;4em&#8221; header_letter_spacing=&#8221;1px&#8221; header_6_font=&#8221;|800||on|||||&#8221; header_6_text_align=&#8221;left&#8221; header_6_text_color=&#8221;#FFFFFF&#8221; header_6_font_size=&#8221;1em&#8221; header_6_letter_spacing=&#8221;4px&#8221; header_6_line_height=&#8221;1.4em&#8221; background_size=&#8221;initial&#8221; background_position=&#8221;top_left&#8221; background_repeat=&#8221;repeat&#8221; header_font_size_tablet=&#8221;4em&#8221; header_font_size_phone=&#8221;3em&#8221; header_font_size_last_edited=&#8221;on|phone&#8221; global_colors_info=&#8221;{}&#8221;]<\/p>\n<h6>Conservazione della natura<\/h6>\n<h1>Diamo di pi\u00f9<br \/> ma cosa prendiamo<\/h1>\n<p>[\/et_pb_text][\/et_pb_column][\/et_pb_row][\/et_pb_section][et_pb_section fb_built=&#8221;1&#8243; _builder_version=&#8221;4.18.0&#8243; _module_preset=&#8221;default&#8221; custom_padding=&#8221;0px||||false|false&#8221; collapsed=&#8221;on&#8221; global_colors_info=&#8221;{}&#8221;][et_pb_row column_structure=&#8221;3_5,2_5&#8243; _builder_version=&#8221;4.18.0&#8243; _module_preset=&#8221;default&#8221; width=&#8221;55%&#8221; width_tablet=&#8221;55%&#8221; width_phone=&#8221;80%&#8221; width_last_edited=&#8221;on|phone&#8221; border_color_bottom=&#8221;gcid-85037172-fba5-40c1-a92b-f6674d6e47fd&#8221; global_colors_info=&#8221;{%22gcid-85037172-fba5-40c1-a92b-f6674d6e47fd%22:%91%22border_color_bottom%22%93}&#8221;][et_pb_column type=&#8221;3_5&#8243; _builder_version=&#8221;4.18.0&#8243; _module_preset=&#8221;default&#8221; global_colors_info=&#8221;{}&#8221;][et_pb_text _builder_version=&#8221;4.18.0&#8243; _module_preset=&#8221;default&#8221; text_text_color=&#8221;#000000&#8243; text_letter_spacing=&#8221;0.5px&#8221; global_colors_info=&#8221;{}&#8221;]<\/p>\n<p>La natura incontaminata, l\u2019affascinante biodiversit\u00e0 e la rara ricchezza dei fondali rendono l\u2019isola di Cherso (Cres) un gioiello naturale.<\/p>\n<p>I vostri desideri e il comfort sono per noi al primo posto, ma prestiamo anche molta attenzione alla conservazione delle risorse naturali e alla pulizia dell&#8217;ambiente.<\/p>\n<p>Per voi siamo diventati un\u2019autentica oasi eco-friendly dove tutto \u00e8 adibito alla conservazione delle risorse naturali, in modo che possiate sempre riviverle.<\/p>\n<p>La conferma della nostra dedizione e del lavoro fatto non poggia soltanto sui premi, quali la Chiave verde e la Bandiera blu di cui il campeggio Kova\u010dine \u00e8 detentore, ma anche sulla scelta della nostra azienda di utilizzare esclusivamente l\u2019energia elettrica verde.<\/p>\n<p>[\/et_pb_text][\/et_pb_column][et_pb_column type=&#8221;2_5&#8243; _builder_version=&#8221;4.18.0&#8243; _module_preset=&#8221;default&#8221; global_colors_info=&#8221;{}&#8221;][\/et_pb_column][\/et_pb_row][et_pb_row column_structure=&#8221;1_4,1_4,1_4,1_4&#8243; _builder_version=&#8221;4.18.0&#8243; _module_preset=&#8221;default&#8221; width=&#8221;55%&#8221; width_tablet=&#8221;55%&#8221; width_phone=&#8221;80%&#8221; width_last_edited=&#8221;on|phone&#8221; max_width=&#8221;100%&#8221; border_color_bottom=&#8221;gcid-85037172-fba5-40c1-a92b-f6674d6e47fd&#8221; global_colors_info=&#8221;{%22gcid-85037172-fba5-40c1-a92b-f6674d6e47fd%22:%91%22border_color_bottom%22%93}&#8221;][et_pb_column type=&#8221;1_4&#8243; _builder_version=&#8221;4.18.0&#8243; _module_preset=&#8221;default&#8221; global_colors_info=&#8221;{}&#8221;][et_pb_image src=&#8221;https:\/\/cresanka.hr\/wp-content\/uploads\/2022\/08\/Zeleni-Kljuc-oznaka-zasmanjenje-negativnog-ucinka-na-okolis-Hotel-Kimen-Cres.svg&#8221; title_text=&#8221;Chiave verde&#8221; align=&#8221;center&#8221; _builder_version=&#8221;4.18.0&#8243; _module_preset=&#8221;default&#8221; height=&#8221;100px&#8221; global_colors_info=&#8221;{}&#8221;][\/et_pb_image][et_pb_text _builder_version=&#8221;4.18.0&#8243; _module_preset=&#8221;default&#8221; text_font=&#8221;|||on|||||&#8221; text_font_size=&#8221;14px&#8221; text_letter_spacing=&#8221;1px&#8221; text_orientation=&#8221;center&#8221; dsm_modules_popup=&#8221;on&#8221; dsm_modules_popup_library=&#8221;401&#8243; dsm_modules_popup_close_trigger=&#8221;false&#8221; global_colors_info=&#8221;{%22gcid-eedb5146-9596-4faa-8e53-1b8865338375%22:%91%22text_text_color__hover%22%93}&#8221; content__hover_enabled=&#8221;on|hover&#8221; content__hover=&#8221;<\/p>\n<p>Scopri di pi\u00f9<\/p>\n<p>&#8221; text_letter_spacing__hover_enabled=&#8221;on|desktop&#8221; text_text_color__hover_enabled=&#8221;on|hover&#8221; text_text_color__hover=&#8221;#0a465e&#8221; text_letter_spacing__hover=&#8221;1px&#8221; dsm_modules_close_background_color__hover_enabled=&#8221;on|hover&#8221; dsm_modules_close_background_color__hover=&#8221;#7CDA24&#8243;]<\/p>\n<p>Chiave verde<\/p>\n<p>[\/et_pb_text][\/et_pb_column][et_pb_column type=&#8221;1_4&#8243; _builder_version=&#8221;4.18.0&#8243; _module_preset=&#8221;default&#8221; global_colors_info=&#8221;{}&#8221;][et_pb_image src=&#8221;https:\/\/cresanka.hr\/wp-content\/uploads\/2022\/08\/ISO-14001-2015-certifikat-za-sustav-upravljanja-okolisem-Hotel-Kimen-Cres.svg&#8221; title_text=&#8221;ISO 14001-2015&#8243; align=&#8221;center&#8221; _builder_version=&#8221;4.18.0&#8243; _module_preset=&#8221;default&#8221; height=&#8221;100px&#8221; global_colors_info=&#8221;{}&#8221;][\/et_pb_image][et_pb_text _builder_version=&#8221;4.18.0&#8243; _module_preset=&#8221;default&#8221; text_font=&#8221;|||on|||||&#8221; text_font_size=&#8221;14px&#8221; text_letter_spacing=&#8221;1px&#8221; text_orientation=&#8221;center&#8221; dsm_modules_popup=&#8221;on&#8221; dsm_modules_popup_library=&#8221;411&#8243; dsm_modules_popup_close_trigger=&#8221;false&#8221; locked=&#8221;off&#8221; global_colors_info=&#8221;{%22gcid-eedb5146-9596-4faa-8e53-1b8865338375%22:%91%22text_text_color__hover%22%93}&#8221; content__hover_enabled=&#8221;on|hover&#8221; content__hover=&#8221;<\/p>\n<p>Scopri di pi\u00f9<\/p>\n<p>&#8221; text_letter_spacing__hover_enabled=&#8221;on|desktop&#8221; text_text_color__hover_enabled=&#8221;on|hover&#8221; text_text_color__hover=&#8221;#0a465e&#8221; text_letter_spacing__hover=&#8221;1px&#8221; dsm_modules_close_background_color__hover_enabled=&#8221;on|hover&#8221; dsm_modules_close_background_color__hover=&#8221;#7CDA24&#8243;]<\/p>\n<p>ISO 14001: 2015<\/p>\n<p>[\/et_pb_text][\/et_pb_column][et_pb_column type=&#8221;1_4&#8243; _builder_version=&#8221;4.22.2&#8243; _module_preset=&#8221;default&#8221; global_colors_info=&#8221;{}&#8221;][et_pb_image src=&#8221;https:\/\/cresanka.hr\/wp-content\/uploads\/2022\/08\/Plava-zastava-medjunarodna-ekoloska-nagrada-Hotel-Kimen-Cres.svg&#8221; title_text=&#8221;Bandiera blu&#8221; align=&#8221;center&#8221; _builder_version=&#8221;4.18.0&#8243; _module_preset=&#8221;default&#8221; module_alignment=&#8221;center&#8221; height=&#8221;100px&#8221; global_colors_info=&#8221;{}&#8221;][\/et_pb_image][et_pb_text _builder_version=&#8221;4.18.0&#8243; _module_preset=&#8221;default&#8221; text_font=&#8221;|||on|||||&#8221; text_font_size=&#8221;14px&#8221; text_letter_spacing=&#8221;1px&#8221; text_orientation=&#8221;center&#8221; dsm_modules_popup=&#8221;on&#8221; dsm_modules_popup_library=&#8221;404&#8243; dsm_modules_popup_close_trigger=&#8221;false&#8221; locked=&#8221;off&#8221; global_colors_info=&#8221;{%22gcid-eedb5146-9596-4faa-8e53-1b8865338375%22:%91%22text_text_color__hover%22%93}&#8221; content__hover_enabled=&#8221;on|hover&#8221; content__hover=&#8221;<\/p>\n<p>Scopri di pi\u00f9<\/p>\n<p>&#8221; text_letter_spacing__hover_enabled=&#8221;on|desktop&#8221; text_text_color__hover_enabled=&#8221;on|hover&#8221; text_text_color__hover=&#8221;#0a465e&#8221; text_letter_spacing__hover=&#8221;1px&#8221; dsm_modules_close_background_color__hover_enabled=&#8221;on|hover&#8221; dsm_modules_close_background_color__hover=&#8221;#7CDA24&#8243;]<\/p>\n<p>Bandiera blu<\/p>\n<p>[\/et_pb_text][\/et_pb_column][et_pb_column type=&#8221;1_4&#8243; _builder_version=&#8221;4.22.2&#8243; _module_preset=&#8221;default&#8221; global_colors_info=&#8221;{}&#8221;][et_pb_image src=&#8221;https:\/\/cresanka.hr\/wp-content\/uploads\/2022\/08\/Ecocamping-Kamp-Kovacine-Otok-Cres.svg&#8221; title_text=&#8221;Ecocamping&#8221; align=&#8221;center&#8221; _builder_version=&#8221;4.18.0&#8243; _module_preset=&#8221;default&#8221; height=&#8221;100px&#8221; global_colors_info=&#8221;{}&#8221;][\/et_pb_image][et_pb_text _builder_version=&#8221;4.18.0&#8243; _module_preset=&#8221;default&#8221; text_font=&#8221;|||on|||||&#8221; text_font_size=&#8221;14px&#8221; text_letter_spacing=&#8221;1px&#8221; text_orientation=&#8221;center&#8221; dsm_modules_popup=&#8221;on&#8221; dsm_modules_popup_library=&#8221;408&#8243; dsm_modules_popup_close_trigger=&#8221;false&#8221; locked=&#8221;off&#8221; global_colors_info=&#8221;{%22gcid-eedb5146-9596-4faa-8e53-1b8865338375%22:%91%22text_text_color__hover%22%93}&#8221; content__hover_enabled=&#8221;on|hover&#8221; content__hover=&#8221;<\/p>\n<p>Scopri di pi\u00f9<\/p>\n<p>&#8221; text_letter_spacing__hover_enabled=&#8221;on|desktop&#8221; text_text_color__hover_enabled=&#8221;on|hover&#8221; text_text_color__hover=&#8221;#0a465e&#8221; text_letter_spacing__hover=&#8221;1px&#8221; dsm_modules_close_background_color__hover_enabled=&#8221;on|hover&#8221; dsm_modules_close_background_color__hover=&#8221;#7CDA24&#8243;]<\/p>\n<p>Ecocamping<\/p>\n<p>[\/et_pb_text][\/et_pb_column][\/et_pb_row][\/et_pb_section][et_pb_section fb_built=&#8221;1&#8243; _builder_version=&#8221;4.18.0&#8243; _module_preset=&#8221;default&#8221; custom_padding=&#8221;0px||||false|false&#8221; global_colors_info=&#8221;{}&#8221;][et_pb_row _builder_version=&#8221;4.18.0&#8243; _module_preset=&#8221;default&#8221; global_colors_info=&#8221;{}&#8221;][et_pb_column type=&#8221;4_4&#8243; _builder_version=&#8221;4.18.0&#8243; _module_preset=&#8221;default&#8221; global_colors_info=&#8221;{}&#8221;][et_pb_text _builder_version=&#8221;4.22.2&#8243; _module_preset=&#8221;default&#8221; text_text_color=&#8221;#000000&#8243; text_letter_spacing=&#8221;0.5px&#8221; header_2_font=&#8221;||||||||&#8221; header_2_letter_spacing=&#8221;1px&#8221; header_2_line_height=&#8221;2em&#8221; header_5_font=&#8221;|300|||||||&#8221; header_5_letter_spacing=&#8221;1px&#8221; header_5_line_height=&#8221;1.6em&#8221; header_6_line_height=&#8221;1.4em&#8221; text_orientation=&#8221;center&#8221; header_2_text_align_tablet=&#8221;&#8221; header_2_text_align_phone=&#8221;left&#8221; header_2_text_align_last_edited=&#8221;on|phone&#8221; header_2_line_height_tablet=&#8221;2em&#8221; header_2_line_height_phone=&#8221;1.4em&#8221; header_2_line_height_last_edited=&#8221;on|phone&#8221; header_5_text_align_tablet=&#8221;&#8221; header_5_text_align_phone=&#8221;left&#8221; header_5_text_align_last_edited=&#8221;on|phone&#8221; header_5_font_size_tablet=&#8221;&#8221; header_5_font_size_phone=&#8221;1.2em&#8221; header_5_font_size_last_edited=&#8221;on|phone&#8221; locked=&#8221;off&#8221; global_colors_info=&#8221;{}&#8221;]<\/p>\n<h2>Premi e certificati<\/h2>\n<h5>Decenni di lavoro sono stati riconosciuti dagli esperti.<\/h5>\n<p>[\/et_pb_text][et_pb_text _builder_version=&#8221;4.22.2&#8243; _module_preset=&#8221;default&#8221; text_font=&#8221;|||on|||||&#8221; text_letter_spacing=&#8221;0.5px&#8221; header_2_font=&#8221;||||||||&#8221; header_2_letter_spacing=&#8221;1px&#8221; header_2_line_height=&#8221;2em&#8221; header_5_font=&#8221;|300|||||||&#8221; header_5_letter_spacing=&#8221;1px&#8221; header_5_line_height=&#8221;1.6em&#8221; header_6_line_height=&#8221;1.4em&#8221; text_orientation=&#8221;center&#8221; header_2_text_align_tablet=&#8221;&#8221; header_2_text_align_phone=&#8221;left&#8221; header_2_text_align_last_edited=&#8221;on|phone&#8221; header_2_line_height_tablet=&#8221;2em&#8221; header_2_line_height_phone=&#8221;1.4em&#8221; header_2_line_height_last_edited=&#8221;on|phone&#8221; header_5_text_align_tablet=&#8221;&#8221; header_5_text_align_phone=&#8221;left&#8221; header_5_text_align_last_edited=&#8221;on|phone&#8221; header_5_font_size_tablet=&#8221;&#8221; header_5_font_size_phone=&#8221;1.2em&#8221; header_5_font_size_last_edited=&#8221;on|phone&#8221; locked=&#8221;off&#8221; global_colors_info=&#8221;{}&#8221;]<\/p>\n<p>Siamo gli orgogliosi titolari dei seguenti riconoscimenti e certificati:<\/p>\n<p>[\/et_pb_text][\/et_pb_column][\/et_pb_row][et_pb_row column_structure=&#8221;1_2,1_2&#8243; _builder_version=&#8221;4.18.0&#8243; _module_preset=&#8221;default&#8221; global_colors_info=&#8221;{}&#8221;][et_pb_column type=&#8221;1_2&#8243; _builder_version=&#8221;4.18.0&#8243; _module_preset=&#8221;default&#8221; global_colors_info=&#8221;{}&#8221;][dsm_card title=&#8221;Certificato d\u2019oro per l\u2019eccellenza di credito AAA&#8221; layout=&#8221;inline&#8221; layout_inline_image_width=&#8221;25%&#8221; content_horizontal_alignment=&#8221;flex-start&#8221; image=&#8221;https:\/\/cresanka.hr\/wp-content\/uploads\/2025\/10\/AAA-certifikat-zlatne-bonitetne-izvrsnosti-Cresanka.webp&#8221; image_as_background=&#8221;off&#8221; image_width=&#8221;100%&#8221; alt=&#8221;Certificato di eccellenza creditizia d\u2019oro AAA per Cresanka d.d. per l\u2019anno 2025. &#8221; content_padding=&#8221;20px|20px|20px|20px|false|false&#8221; button_url_new_window=&#8221;1&#8243; layout_tablet=&#8221;inline&#8221; layout_phone=&#8221;stacked&#8221; layout_last_edited=&#8221;on|phone&#8221; _builder_version=&#8221;4.27.4&#8243; _module_preset=&#8221;default&#8221; header_letter_spacing=&#8221;1px&#8221; header_line_height=&#8221;1.2em&#8221; body_text_color=&#8221;#000000&#8243; body_letter_spacing=&#8221;0.5px&#8221; link_option_url=&#8221;https:\/\/aaa.bisnode.si\/certificate?companyID=HR1000000310036&amp;lang=hr-HR&#8221; link_option_url_new_window=&#8221;on&#8221; hover_enabled=&#8221;0&#8243; locked=&#8221;off&#8221; global_colors_info=&#8221;{}&#8221; title_text=&#8221;Cresanka d.d. \u2013 AAA certifikat zlatne bonitetne izvrsnosti 2025.&#8221; sticky_enabled=&#8221;0&#8243;]<\/p>\n<p><span style=\"font-weight: 400;\">Alla societ\u00e0 Cresanka d.d. \u00e8 stato assegnato il certificato d&#8217;oro per l\u2019eccellenza di credito AAA in conformit\u00e0 al sistema di rating della societ\u00e0 Bisnode.<\/span><\/p>\n<p><span style=\"font-weight: 400;\">Il certificato di eccellenza di credito \u00e8 la conferma di un lungo lavoro sistematico e di qualit\u00e0, il quale colloca le aziende certificate ai vertici dell&#8217;economia nazionale, ed \u00e8 un marchio internazionale riconosciuto che attesta la qualit\u00e0 economica e l\u2019eccellenza dell&#8217;azienda.<\/span><\/p>\n<p>[\/dsm_card][\/et_pb_column][et_pb_column type=&#8221;1_2&#8243; _builder_version=&#8221;4.18.0&#8243; _module_preset=&#8221;default&#8221; global_colors_info=&#8221;{}&#8221;][dsm_card title=&#8221;Excellent SME&#8221; layout=&#8221;inline&#8221; layout_inline_image_width=&#8221;25%&#8221; content_horizontal_alignment=&#8221;flex-start&#8221; image=&#8221;https:\/\/cresanka.hr\/wp-content\/uploads\/2022\/08\/Excellent-sme-pecat-izvrsnosti-malih-i-srednjih-poduzeca-Cresanka-Cres.webp&#8221; image_as_background=&#8221;off&#8221; image_width=&#8221;100%&#8221; content_padding=&#8221;50px|20px|20px|20px|false|false&#8221; button_url_new_window=&#8221;1&#8243; layout_tablet=&#8221;inline&#8221; layout_phone=&#8221;stacked&#8221; layout_last_edited=&#8221;on|phone&#8221; layout_inline_image_width_tablet=&#8221;25%&#8221; layout_inline_image_width_phone=&#8221;25%&#8221; layout_inline_image_width_last_edited=&#8221;on|phone&#8221; image_width_tablet=&#8221;100%&#8221; image_width_phone=&#8221;65%&#8221; image_width_last_edited=&#8221;on|phone&#8221; _builder_version=&#8221;4.18.0&#8243; _module_preset=&#8221;default&#8221; header_letter_spacing=&#8221;1px&#8221; header_line_height=&#8221;1.2em&#8221; body_text_color=&#8221;#000000&#8243; body_letter_spacing=&#8221;0.5px&#8221; locked=&#8221;off&#8221; global_colors_info=&#8221;{}&#8221;]<\/p>\n<p>La societ\u00e0 Cresanka d.d. ha ottenuto il certificato Excellent SME, un sigillo di eccellenza per le piccole e medie imprese. La Camera di commercio croata assegna il certificato Excellent SME esclusivamente alle aziende di successo sulla base di dettagliate analisi della loro attivit\u00e0, dei bilanci finanziari e degli altri indicatori del successo.<\/p>\n<p>[\/dsm_card][\/et_pb_column][\/et_pb_row][\/et_pb_section]<\/p>\n","protected":false},"excerpt":{"rendered":"<p>Conservazione della natura Diamo di pi\u00f9 ma cosa prendiamoLa natura incontaminata, l\u2019affascinante biodiversit\u00e0 e la rara ricchezza dei fondali rendono l\u2019isola di Cherso (Cres) un gioiello naturale. I vostri desideri e il comfort sono per noi al primo posto, ma prestiamo anche molta attenzione alla conservazione delle risorse naturali e alla pulizia dell&#8217;ambiente. Per voi siamo diventati un\u2019autentica oasi eco-friendly dove tutto \u00e8 adibito alla conservazione delle risorse naturali, in modo che possiate sempre riviverle. La conferma della nostra dedizione e del lavoro fatto non poggia soltanto sui premi, quali la Chiave verde e la Bandiera blu di cui il campeggio Kova\u010dine \u00e8 detentore, ma anche sulla scelta della nostra azienda di utilizzare esclusivamente l\u2019energia elettrica verde.Chiave verdeISO 14001: 2015Bandiera bluEcocampingPremi e certificati Decenni di lavoro sono stati riconosciuti dagli esperti.Siamo gli orgogliosi titolari dei seguenti riconoscimenti e certificati:<div class=\"et_pb_module dsm_card dsm_card_0 et_clickable et_pb_bg_layout_light  dsm_card_layout_inline dsm_card_phone_layout_stacked\">\n\t\t\t\t\n\t\t\t\t\n\t\t\t\t\n\t\t\t\t\n\t\t\t\t\n\t\t\t\t\n\t\t\t\t<div class=\"et_pb_module_inner\">\n\t\t\t\t\t\n\t\t\t\n\t\t\t<figure class=\"dsm_card_image_wrapper dsm_card_badge_top_right\"><img decoding=\"async\" src=\"https:\/\/cresanka.hr\/wp-content\/uploads\/2025\/10\/AAA-certifikat-zlatne-bonitetne-izvrsnosti-Cresanka.webp\" alt=\"Certificato di eccellenza creditizia d\u2019oro AAA per Cresanka d.d. per l\u2019anno 2025. \" srcset=\"https:\/\/cresanka.hr\/wp-content\/uploads\/2025\/10\/AAA-certifikat-zlatne-bonitetne-izvrsnosti-Cresanka.webp 160w, https:\/\/cresanka.hr\/wp-content\/uploads\/2025\/10\/AAA-certifikat-zlatne-bonitetne-izvrsnosti-Cresanka-150x150.webp 150w\" sizes=\"(max-width: 160px) 100vw, 160px\" class=\"dsm_card_img dsm_card_image_stretch\" \/><\/figure>\n\t\t\t<div class=\"et_pb_module dsm_card_wrapper et_pb_text_align_left\">\n\t\t\t\t\t\n\t\t\t\t\t<h4 class=\"dsm_card_title et_pb_module_header\">Certificato d\u2019oro per l\u2019eccellenza di credito AAA<\/h4>\n\t\t\t\t\t\n\t\t\t\t\t\n\t\t\t\t\t\n\t\t\t\t<\/div>\n\t\t\t\n\t\t\t\t<\/div>\n\t\t\t<\/div>Alla societ\u00e0 Cresanka d.d. \u00e8 stato assegnato il certificato d&#8217;oro [&hellip;]<\/p>\n","protected":false},"author":1,"featured_media":0,"parent":0,"menu_order":0,"comment_status":"closed","ping_status":"closed","template":"","meta":{"_et_pb_use_builder":"on","_et_pb_old_content":"","_et_gb_content_width":"","footnotes":""},"class_list":["post-1186","page","type-page","status-publish","hentry"],"_links":{"self":[{"href":"https:\/\/cresanka.hr\/it\/wp-json\/wp\/v2\/pages\/1186","targetHints":{"allow":["GET"]}}],"collection":[{"href":"https:\/\/cresanka.hr\/it\/wp-json\/wp\/v2\/pages"}],"about":[{"href":"https:\/\/cresanka.hr\/it\/wp-json\/wp\/v2\/types\/page"}],"author":[{"embeddable":true,"href":"https:\/\/cresanka.hr\/it\/wp-json\/wp\/v2\/users\/1"}],"replies":[{"embeddable":true,"href":"https:\/\/cresanka.hr\/it\/wp-json\/wp\/v2\/comments?post=1186"}],"version-history":[{"count":16,"href":"https:\/\/cresanka.hr\/it\/wp-json\/wp\/v2\/pages\/1186\/revisions"}],"predecessor-version":[{"id":2444,"href":"https:\/\/cresanka.hr\/it\/wp-json\/wp\/v2\/pages\/1186\/revisions\/2444"}],"wp:attachment":[{"href":"https:\/\/cresanka.hr\/it\/wp-json\/wp\/v2\/media?parent=1186"}],"curies":[{"name":"wp","href":"https:\/\/api.w.org\/{rel}","templated":true}]}}