{"id":1244,"date":"2022-08-08T15:53:51","date_gmt":"2022-08-08T15:53:51","guid":{"rendered":"https:\/\/cresanka.hr\/varstvo-narave\/"},"modified":"2025-10-27T14:58:43","modified_gmt":"2025-10-27T14:58:43","slug":"varstvo-narave","status":"publish","type":"page","link":"https:\/\/cresanka.hr\/sl\/varstvo-narave\/","title":{"rendered":"Varstvo narave"},"content":{"rendered":"<p>[et_pb_section fb_built=&#8221;1&#8243; next_background_color=&#8221;#ffffff&#8221; module_class=&#8221;dh-valign-center-section&#8221; _builder_version=&#8221;4.18.0&#8243; background_color=&#8221;gcid-85037172-fba5-40c1-a92b-f6674d6e47fd&#8221; background_image=&#8221;https:\/\/cresanka.hr\/wp-content\/uploads\/2022\/08\/Zastita-prirode.webp&#8221; background_position=&#8221;bottom_center&#8221; background_blend=&#8221;multiply&#8221; height=&#8221;80vh&#8221; height_tablet=&#8221;80vh&#8221; height_phone=&#8221;100vh&#8221; height_last_edited=&#8221;on|phone&#8221; bottom_divider_style=&#8221;asymmetric&#8221; bottom_divider_flip=&#8221;vertical|horizontal&#8221; bottom_divider_height_tablet=&#8221;&#8221; bottom_divider_height_phone=&#8221;50px&#8221; bottom_divider_height_last_edited=&#8221;on|phone&#8221; collapsed=&#8221;on&#8221; global_colors_info=&#8221;{%22gcid-85037172-fba5-40c1-a92b-f6674d6e47fd%22:%91%22background_color%22%93}&#8221;][et_pb_row _builder_version=&#8221;4.18.0&#8243; background_size=&#8221;initial&#8221; background_position=&#8221;top_left&#8221; background_repeat=&#8221;repeat&#8221; width=&#8221;55%&#8221; width_tablet=&#8221;55%&#8221; width_phone=&#8221;80%&#8221; width_last_edited=&#8221;on|phone&#8221; global_colors_info=&#8221;{}&#8221;][et_pb_column type=&#8221;4_4&#8243; _builder_version=&#8221;4.16&#8243; custom_padding=&#8221;|||&#8221; global_colors_info=&#8221;{}&#8221; custom_padding__hover=&#8221;|||&#8221;][et_pb_text _builder_version=&#8221;4.18.0&#8243; text_text_color=&#8221;#FFFFFF&#8221; header_font=&#8221;|300|||||||&#8221; header_text_color=&#8221;#FFFFFF&#8221; header_font_size=&#8221;4em&#8221; header_letter_spacing=&#8221;1px&#8221; header_6_font=&#8221;|800||on|||||&#8221; header_6_text_align=&#8221;left&#8221; header_6_text_color=&#8221;#FFFFFF&#8221; header_6_font_size=&#8221;1em&#8221; header_6_letter_spacing=&#8221;4px&#8221; header_6_line_height=&#8221;1.4em&#8221; background_size=&#8221;initial&#8221; background_position=&#8221;top_left&#8221; background_repeat=&#8221;repeat&#8221; header_font_size_tablet=&#8221;4em&#8221; header_font_size_phone=&#8221;3em&#8221; header_font_size_last_edited=&#8221;on|phone&#8221; global_colors_info=&#8221;{}&#8221;]<\/p>\n<h6>Varstvo narave<\/h6>\n<h1>Dajemo ve\u010d<br \/> ampak kaj vzamemo.<\/h1>\n<p>[\/et_pb_text][\/et_pb_column][\/et_pb_row][\/et_pb_section][et_pb_section fb_built=&#8221;1&#8243; _builder_version=&#8221;4.18.0&#8243; _module_preset=&#8221;default&#8221; custom_padding=&#8221;0px||||false|false&#8221; collapsed=&#8221;on&#8221; global_colors_info=&#8221;{}&#8221;][et_pb_row column_structure=&#8221;3_5,2_5&#8243; _builder_version=&#8221;4.18.0&#8243; _module_preset=&#8221;default&#8221; width=&#8221;55%&#8221; width_tablet=&#8221;55%&#8221; width_phone=&#8221;80%&#8221; width_last_edited=&#8221;on|phone&#8221; border_color_bottom=&#8221;gcid-85037172-fba5-40c1-a92b-f6674d6e47fd&#8221; global_colors_info=&#8221;{%22gcid-85037172-fba5-40c1-a92b-f6674d6e47fd%22:%91%22border_color_bottom%22%93}&#8221;][et_pb_column type=&#8221;3_5&#8243; _builder_version=&#8221;4.18.0&#8243; _module_preset=&#8221;default&#8221; global_colors_info=&#8221;{}&#8221;][et_pb_text _builder_version=&#8221;4.18.0&#8243; _module_preset=&#8221;default&#8221; text_text_color=&#8221;#000000&#8243; text_letter_spacing=&#8221;0.5px&#8221; global_colors_info=&#8221;{}&#8221;]<\/p>\n<p>Nedotaknjena narava, fascinantna biotska raznovrstnost in redko videno bogastvo podmorskega sveta zagotavljajo Cresu status naravnega dragulja.<\/p>\n<p>Va\u0161e \u017eelje in udobje so za nas na prvem mestu, pri njihovem izpolnjevanju pa se mo\u010dno trudimo, da ohranimo naravne vrednosti in \u010disto\u010do okolja.<\/p>\n<p>Za vas smo postali prava okolju prijazna oaza, kjer je vse podrejeno ohranitvi naravnih virov, da jih boste lahko do\u017eiveli vedno znova.<\/p>\n<p>Na\u0161e predanosti in trdega dela ne dokazujeta samo nagradi Zeleni klju\u010d in Modra zastava kampa Kova\u010dine, temve\u010d tudi odlo\u010ditev na\u0161ega podjetja, da uporabljamo izklju\u010dno zeleno elektri\u010dno energijo.<\/p>\n<p>[\/et_pb_text][\/et_pb_column][et_pb_column type=&#8221;2_5&#8243; _builder_version=&#8221;4.18.0&#8243; _module_preset=&#8221;default&#8221; global_colors_info=&#8221;{}&#8221;][\/et_pb_column][\/et_pb_row][et_pb_row column_structure=&#8221;1_4,1_4,1_4,1_4&#8243; _builder_version=&#8221;4.18.0&#8243; _module_preset=&#8221;default&#8221; width=&#8221;55%&#8221; width_tablet=&#8221;55%&#8221; width_phone=&#8221;80%&#8221; width_last_edited=&#8221;on|phone&#8221; max_width=&#8221;100%&#8221; border_color_bottom=&#8221;gcid-85037172-fba5-40c1-a92b-f6674d6e47fd&#8221; global_colors_info=&#8221;{%22gcid-85037172-fba5-40c1-a92b-f6674d6e47fd%22:%91%22border_color_bottom%22%93}&#8221;][et_pb_column type=&#8221;1_4&#8243; _builder_version=&#8221;4.18.0&#8243; _module_preset=&#8221;default&#8221; global_colors_info=&#8221;{}&#8221;][et_pb_image src=&#8221;https:\/\/cresanka.hr\/wp-content\/uploads\/2022\/08\/Zeleni-Kljuc-oznaka-zasmanjenje-negativnog-ucinka-na-okolis-Hotel-Kimen-Cres.svg&#8221; title_text=&#8221;Zeleni klju\u010d&#8221; align=&#8221;center&#8221; _builder_version=&#8221;4.18.0&#8243; _module_preset=&#8221;default&#8221; height=&#8221;100px&#8221; global_colors_info=&#8221;{}&#8221;][\/et_pb_image][et_pb_text _builder_version=&#8221;4.18.0&#8243; _module_preset=&#8221;default&#8221; text_font=&#8221;|||on|||||&#8221; text_font_size=&#8221;14px&#8221; text_letter_spacing=&#8221;1px&#8221; text_orientation=&#8221;center&#8221; dsm_modules_popup=&#8221;on&#8221; dsm_modules_popup_library=&#8221;401&#8243; dsm_modules_popup_close_trigger=&#8221;false&#8221; global_colors_info=&#8221;{%22gcid-eedb5146-9596-4faa-8e53-1b8865338375%22:%91%22text_text_color__hover%22%93}&#8221; content__hover_enabled=&#8221;on|hover&#8221; content__hover=&#8221;<\/p>\n<p>Preberite ve\u010d<\/p>\n<p>&#8221; text_letter_spacing__hover_enabled=&#8221;on|desktop&#8221; text_text_color__hover_enabled=&#8221;on|hover&#8221; text_text_color__hover=&#8221;#0a465e&#8221; text_letter_spacing__hover=&#8221;1px&#8221; dsm_modules_close_background_color__hover_enabled=&#8221;on|hover&#8221; dsm_modules_close_background_color__hover=&#8221;#7CDA24&#8243;]<\/p>\n<p>Zeleni klju\u010d<\/p>\n<p>[\/et_pb_text][\/et_pb_column][et_pb_column type=&#8221;1_4&#8243; _builder_version=&#8221;4.18.0&#8243; _module_preset=&#8221;default&#8221; global_colors_info=&#8221;{}&#8221;][et_pb_image src=&#8221;https:\/\/cresanka.hr\/wp-content\/uploads\/2022\/08\/ISO-14001-2015-certifikat-za-sustav-upravljanja-okolisem-Hotel-Kimen-Cres.svg&#8221; title_text=&#8221;ISO 14001:2015&#8243; align=&#8221;center&#8221; _builder_version=&#8221;4.18.0&#8243; _module_preset=&#8221;default&#8221; height=&#8221;100px&#8221; global_colors_info=&#8221;{}&#8221;][\/et_pb_image][et_pb_text _builder_version=&#8221;4.18.0&#8243; _module_preset=&#8221;default&#8221; text_font=&#8221;|||on|||||&#8221; text_font_size=&#8221;14px&#8221; text_letter_spacing=&#8221;1px&#8221; text_orientation=&#8221;center&#8221; dsm_modules_popup=&#8221;on&#8221; dsm_modules_popup_library=&#8221;411&#8243; dsm_modules_popup_close_trigger=&#8221;false&#8221; locked=&#8221;off&#8221; global_colors_info=&#8221;{%22gcid-eedb5146-9596-4faa-8e53-1b8865338375%22:%91%22text_text_color__hover%22%93}&#8221; content__hover_enabled=&#8221;on|hover&#8221; content__hover=&#8221;<\/p>\n<p>Preberite ve\u010d<\/p>\n<p>&#8221; text_letter_spacing__hover_enabled=&#8221;on|desktop&#8221; text_text_color__hover_enabled=&#8221;on|hover&#8221; text_text_color__hover=&#8221;#0a465e&#8221; text_letter_spacing__hover=&#8221;1px&#8221; dsm_modules_close_background_color__hover_enabled=&#8221;on|hover&#8221; dsm_modules_close_background_color__hover=&#8221;#7CDA24&#8243;]<\/p>\n<p>ISO 14001:2015<\/p>\n<p>[\/et_pb_text][\/et_pb_column][et_pb_column type=&#8221;1_4&#8243; _builder_version=&#8221;4.22.2&#8243; _module_preset=&#8221;default&#8221; global_colors_info=&#8221;{}&#8221;][et_pb_image src=&#8221;https:\/\/cresanka.hr\/wp-content\/uploads\/2022\/08\/Plava-zastava-medjunarodna-ekoloska-nagrada-Hotel-Kimen-Cres.svg&#8221; title_text=&#8221;Modra zastava&#8221; align=&#8221;center&#8221; _builder_version=&#8221;4.18.0&#8243; _module_preset=&#8221;default&#8221; module_alignment=&#8221;center&#8221; height=&#8221;100px&#8221; global_colors_info=&#8221;{}&#8221;][\/et_pb_image][et_pb_text _builder_version=&#8221;4.18.0&#8243; _module_preset=&#8221;default&#8221; text_font=&#8221;|||on|||||&#8221; text_font_size=&#8221;14px&#8221; text_letter_spacing=&#8221;1px&#8221; text_orientation=&#8221;center&#8221; dsm_modules_popup=&#8221;on&#8221; dsm_modules_popup_library=&#8221;404&#8243; dsm_modules_popup_close_trigger=&#8221;false&#8221; locked=&#8221;off&#8221; global_colors_info=&#8221;{%22gcid-eedb5146-9596-4faa-8e53-1b8865338375%22:%91%22text_text_color__hover%22%93}&#8221; content__hover_enabled=&#8221;on|hover&#8221; content__hover=&#8221;<\/p>\n<p>Preberite ve\u010d<\/p>\n<p>&#8221; text_letter_spacing__hover_enabled=&#8221;on|desktop&#8221; text_text_color__hover_enabled=&#8221;on|hover&#8221; text_text_color__hover=&#8221;#0a465e&#8221; text_letter_spacing__hover=&#8221;1px&#8221; dsm_modules_close_background_color__hover_enabled=&#8221;on|hover&#8221; dsm_modules_close_background_color__hover=&#8221;#7CDA24&#8243;]<\/p>\n<p>Modra zastava<\/p>\n<p>[\/et_pb_text][\/et_pb_column][et_pb_column type=&#8221;1_4&#8243; _builder_version=&#8221;4.22.2&#8243; _module_preset=&#8221;default&#8221; global_colors_info=&#8221;{}&#8221;][et_pb_image src=&#8221;https:\/\/cresanka.hr\/wp-content\/uploads\/2022\/08\/Ecocamping-Kamp-Kovacine-Otok-Cres.svg&#8221; title_text=&#8221;Ecocamping&#8221; align=&#8221;center&#8221; _builder_version=&#8221;4.18.0&#8243; _module_preset=&#8221;default&#8221; height=&#8221;100px&#8221; global_colors_info=&#8221;{}&#8221;][\/et_pb_image][et_pb_text _builder_version=&#8221;4.18.0&#8243; _module_preset=&#8221;default&#8221; text_font=&#8221;|||on|||||&#8221; text_font_size=&#8221;14px&#8221; text_letter_spacing=&#8221;1px&#8221; text_orientation=&#8221;center&#8221; dsm_modules_popup=&#8221;on&#8221; dsm_modules_popup_library=&#8221;408&#8243; dsm_modules_popup_close_trigger=&#8221;false&#8221; locked=&#8221;off&#8221; global_colors_info=&#8221;{%22gcid-eedb5146-9596-4faa-8e53-1b8865338375%22:%91%22text_text_color__hover%22%93}&#8221; content__hover_enabled=&#8221;on|hover&#8221; content__hover=&#8221;<\/p>\n<p>Preberite ve\u010d<\/p>\n<p>&#8221; text_letter_spacing__hover_enabled=&#8221;on|desktop&#8221; text_text_color__hover_enabled=&#8221;on|hover&#8221; text_text_color__hover=&#8221;#0a465e&#8221; text_letter_spacing__hover=&#8221;1px&#8221; dsm_modules_close_background_color__hover_enabled=&#8221;on|hover&#8221; dsm_modules_close_background_color__hover=&#8221;#7CDA24&#8243;]<\/p>\n<p>Ecocamping<\/p>\n<p>[\/et_pb_text][\/et_pb_column][\/et_pb_row][\/et_pb_section][et_pb_section fb_built=&#8221;1&#8243; _builder_version=&#8221;4.18.0&#8243; _module_preset=&#8221;default&#8221; custom_padding=&#8221;0px||||false|false&#8221; global_colors_info=&#8221;{}&#8221;][et_pb_row _builder_version=&#8221;4.18.0&#8243; _module_preset=&#8221;default&#8221; global_colors_info=&#8221;{}&#8221;][et_pb_column type=&#8221;4_4&#8243; _builder_version=&#8221;4.18.0&#8243; _module_preset=&#8221;default&#8221; global_colors_info=&#8221;{}&#8221;][et_pb_text _builder_version=&#8221;4.22.2&#8243; _module_preset=&#8221;default&#8221; text_text_color=&#8221;#000000&#8243; text_letter_spacing=&#8221;0.5px&#8221; header_2_font=&#8221;||||||||&#8221; header_2_letter_spacing=&#8221;1px&#8221; header_2_line_height=&#8221;2em&#8221; header_5_font=&#8221;|300|||||||&#8221; header_5_letter_spacing=&#8221;1px&#8221; header_5_line_height=&#8221;1.6em&#8221; header_6_line_height=&#8221;1.4em&#8221; text_orientation=&#8221;center&#8221; header_2_text_align_tablet=&#8221;&#8221; header_2_text_align_phone=&#8221;left&#8221; header_2_text_align_last_edited=&#8221;on|phone&#8221; header_2_line_height_tablet=&#8221;2em&#8221; header_2_line_height_phone=&#8221;1.4em&#8221; header_2_line_height_last_edited=&#8221;on|phone&#8221; header_5_text_align_tablet=&#8221;&#8221; header_5_text_align_phone=&#8221;left&#8221; header_5_text_align_last_edited=&#8221;on|phone&#8221; header_5_font_size_tablet=&#8221;&#8221; header_5_font_size_phone=&#8221;1.2em&#8221; header_5_font_size_last_edited=&#8221;on|phone&#8221; locked=&#8221;off&#8221; global_colors_info=&#8221;{}&#8221;]<\/p>\n<h2>Nagrade in certifikati<\/h2>\n<h5>Strokovnjaki prepoznali desetletja dela.<\/h5>\n<p>[\/et_pb_text][et_pb_text _builder_version=&#8221;4.22.2&#8243; _module_preset=&#8221;default&#8221; text_font=&#8221;|||on|||||&#8221; text_letter_spacing=&#8221;0.5px&#8221; header_2_font=&#8221;||||||||&#8221; header_2_letter_spacing=&#8221;1px&#8221; header_2_line_height=&#8221;2em&#8221; header_5_font=&#8221;|300|||||||&#8221; header_5_letter_spacing=&#8221;1px&#8221; header_5_line_height=&#8221;1.6em&#8221; header_6_line_height=&#8221;1.4em&#8221; text_orientation=&#8221;center&#8221; header_2_text_align_tablet=&#8221;&#8221; header_2_text_align_phone=&#8221;left&#8221; header_2_text_align_last_edited=&#8221;on|phone&#8221; header_2_line_height_tablet=&#8221;2em&#8221; header_2_line_height_phone=&#8221;1.4em&#8221; header_2_line_height_last_edited=&#8221;on|phone&#8221; header_5_text_align_tablet=&#8221;&#8221; header_5_text_align_phone=&#8221;left&#8221; header_5_text_align_last_edited=&#8221;on|phone&#8221; header_5_font_size_tablet=&#8221;&#8221; header_5_font_size_phone=&#8221;1.2em&#8221; header_5_font_size_last_edited=&#8221;on|phone&#8221; locked=&#8221;off&#8221; global_colors_info=&#8221;{}&#8221;]<\/p>\n<p>Smo ponosni prejemniki naslednjih nagrad in priznanj:<\/p>\n<p>[\/et_pb_text][\/et_pb_column][\/et_pb_row][et_pb_row column_structure=&#8221;1_2,1_2&#8243; _builder_version=&#8221;4.18.0&#8243; _module_preset=&#8221;default&#8221; global_colors_info=&#8221;{}&#8221;][et_pb_column type=&#8221;1_2&#8243; _builder_version=&#8221;4.18.0&#8243; _module_preset=&#8221;default&#8221; global_colors_info=&#8221;{}&#8221;][dsm_card title=&#8221;AAA certifikat zlate bonitetne odli\u010dnosti&#8221; layout=&#8221;inline&#8221; layout_inline_image_width=&#8221;25%&#8221; content_horizontal_alignment=&#8221;flex-start&#8221; image=&#8221;https:\/\/cresanka.hr\/wp-content\/uploads\/2025\/10\/AAA-certifikat-zlatne-bonitetne-izvrsnosti-Cresanka.webp&#8221; image_as_background=&#8221;off&#8221; image_width=&#8221;100%&#8221; alt=&#8221;Certifikat zlate bonitetne odli\u010dnosti AAA za podjetje Cresanka d.d. za leto 2025. &#8221; content_padding=&#8221;20px|20px|20px|20px|false|false&#8221; button_url_new_window=&#8221;1&#8243; layout_tablet=&#8221;inline&#8221; layout_phone=&#8221;stacked&#8221; layout_last_edited=&#8221;on|phone&#8221; _builder_version=&#8221;4.27.4&#8243; _module_preset=&#8221;default&#8221; header_letter_spacing=&#8221;1px&#8221; header_line_height=&#8221;1.2em&#8221; body_text_color=&#8221;#000000&#8243; body_letter_spacing=&#8221;0.5px&#8221; link_option_url=&#8221;https:\/\/aaa.bisnode.si\/certificate?companyID=HR1000000310036&amp;lang=hr-HR&#8221; link_option_url_new_window=&#8221;on&#8221; hover_enabled=&#8221;0&#8243; locked=&#8221;off&#8221; global_colors_info=&#8221;{}&#8221; title_text=&#8221;Cresanka d.d. \u2013 AAA certifikat zlatne bonitetne izvrsnosti 2025.&#8221; sticky_enabled=&#8221;0&#8243;]<\/p>\n<p><span style=\"font-weight: 400;\">Dru\u017ebi Cresanka d.d. je bila podeljena zlata bonitetna ocena AAA skladno z mednarodnim sistemom ocenjevanja bonitete podjetja Bisnode.<\/span><\/p>\n<p><span style=\"font-weight: 400;\">Certifikat bonitetne odli\u010dnosti je potrditev dolgoletnega sistemskega in kakovostnega dela, ki certificirana podjetja uvr\u0161\u010da v sam vrh doma\u010dega gospodarstva, in je mednarodno priznana oznaka gospodarske kakovosti in odli\u010dnosti poslovnega subjekta.<\/span><\/p>\n<p>[\/dsm_card][\/et_pb_column][et_pb_column type=&#8221;1_2&#8243; _builder_version=&#8221;4.18.0&#8243; _module_preset=&#8221;default&#8221; global_colors_info=&#8221;{}&#8221;][dsm_card title=&#8221;Excellent SME&#8221; layout=&#8221;inline&#8221; layout_inline_image_width=&#8221;25%&#8221; content_horizontal_alignment=&#8221;flex-start&#8221; image=&#8221;https:\/\/cresanka.hr\/wp-content\/uploads\/2022\/08\/Excellent-sme-pecat-izvrsnosti-malih-i-srednjih-poduzeca-Cresanka-Cres.webp&#8221; image_as_background=&#8221;off&#8221; image_width=&#8221;100%&#8221; content_padding=&#8221;50px|20px|20px|20px|false|false&#8221; button_url_new_window=&#8221;1&#8243; layout_tablet=&#8221;inline&#8221; layout_phone=&#8221;stacked&#8221; layout_last_edited=&#8221;on|phone&#8221; layout_inline_image_width_tablet=&#8221;25%&#8221; layout_inline_image_width_phone=&#8221;25%&#8221; layout_inline_image_width_last_edited=&#8221;on|phone&#8221; image_width_tablet=&#8221;100%&#8221; image_width_phone=&#8221;65%&#8221; image_width_last_edited=&#8221;on|phone&#8221; _builder_version=&#8221;4.18.0&#8243; _module_preset=&#8221;default&#8221; header_letter_spacing=&#8221;1px&#8221; header_line_height=&#8221;1.2em&#8221; body_text_color=&#8221;#000000&#8243; body_letter_spacing=&#8221;0.5px&#8221; locked=&#8221;off&#8221; global_colors_info=&#8221;{}&#8221;]<\/p>\n<p>Dru\u017eba Cresanka d.d. je prejela certifikat Excellent SME, pe\u010dat odli\u010dnosti malih in srednjih podjetij. Hrva\u0161ka gospodarska zbornica je izdajateljica certifikata Excellent SME, ki se podeljuje samo uspe\u0161nim podjetjem, in sicer na podlagi podrobne analize njihovega poslovanja, finan\u010dnih izkazov in kazalnikov uspe\u0161nosti.<\/p>\n<p>[\/dsm_card][\/et_pb_column][\/et_pb_row][\/et_pb_section]<\/p>\n","protected":false},"excerpt":{"rendered":"<p>Varstvo narave Dajemo ve\u010d ampak kaj vzamemo.Nedotaknjena narava, fascinantna biotska raznovrstnost in redko videno bogastvo podmorskega sveta zagotavljajo Cresu status naravnega dragulja. Va\u0161e \u017eelje in udobje so za nas na prvem mestu, pri njihovem izpolnjevanju pa se mo\u010dno trudimo, da ohranimo naravne vrednosti in \u010disto\u010do okolja. Za vas smo postali prava okolju prijazna oaza, kjer je vse podrejeno ohranitvi naravnih virov, da jih boste lahko do\u017eiveli vedno znova. Na\u0161e predanosti in trdega dela ne dokazujeta samo nagradi Zeleni klju\u010d in Modra zastava kampa Kova\u010dine, temve\u010d tudi odlo\u010ditev na\u0161ega podjetja, da uporabljamo izklju\u010dno zeleno elektri\u010dno energijo.Zeleni klju\u010dISO 14001:2015Modra zastavaEcocampingNagrade in certifikati Strokovnjaki prepoznali desetletja dela.Smo ponosni prejemniki naslednjih nagrad in priznanj:<div class=\"et_pb_module dsm_card dsm_card_0 et_clickable et_pb_bg_layout_light  dsm_card_layout_inline dsm_card_phone_layout_stacked\">\n\t\t\t\t\n\t\t\t\t\n\t\t\t\t\n\t\t\t\t\n\t\t\t\t\n\t\t\t\t\n\t\t\t\t<div class=\"et_pb_module_inner\">\n\t\t\t\t\t\n\t\t\t\n\t\t\t<figure class=\"dsm_card_image_wrapper dsm_card_badge_top_right\"><img decoding=\"async\" src=\"https:\/\/cresanka.hr\/wp-content\/uploads\/2025\/10\/AAA-certifikat-zlatne-bonitetne-izvrsnosti-Cresanka.webp\" alt=\"Certifikat zlate bonitetne odli\u010dnosti AAA za podjetje Cresanka d.d. za leto 2025. \" srcset=\"https:\/\/cresanka.hr\/wp-content\/uploads\/2025\/10\/AAA-certifikat-zlatne-bonitetne-izvrsnosti-Cresanka.webp 160w, https:\/\/cresanka.hr\/wp-content\/uploads\/2025\/10\/AAA-certifikat-zlatne-bonitetne-izvrsnosti-Cresanka-150x150.webp 150w\" sizes=\"(max-width: 160px) 100vw, 160px\" class=\"dsm_card_img dsm_card_image_stretch\" \/><\/figure>\n\t\t\t<div class=\"et_pb_module dsm_card_wrapper et_pb_text_align_left\">\n\t\t\t\t\t\n\t\t\t\t\t<h4 class=\"dsm_card_title et_pb_module_header\">AAA certifikat zlate bonitetne odli\u010dnosti<\/h4>\n\t\t\t\t\t\n\t\t\t\t\t\n\t\t\t\t\t\n\t\t\t\t<\/div>\n\t\t\t\n\t\t\t\t<\/div>\n\t\t\t<\/div>Dru\u017ebi Cresanka d.d. je bila podeljena zlata bonitetna ocena AAA skladno z mednarodnim sistemom ocenjevanja bonitete podjetja Bisnode. Certifikat bonitetne odli\u010dnosti je potrditev dolgoletnega sistemskega in kakovostnega dela, ki certificirana podjetja uvr\u0161\u010da v sam vrh doma\u010dega gospodarstva, in je mednarodno priznana [&hellip;]<\/p>\n","protected":false},"author":1,"featured_media":0,"parent":0,"menu_order":0,"comment_status":"closed","ping_status":"closed","template":"","meta":{"_et_pb_use_builder":"on","_et_pb_old_content":"","_et_gb_content_width":"","footnotes":""},"class_list":["post-1244","page","type-page","status-publish","hentry"],"_links":{"self":[{"href":"https:\/\/cresanka.hr\/sl\/wp-json\/wp\/v2\/pages\/1244","targetHints":{"allow":["GET"]}}],"collection":[{"href":"https:\/\/cresanka.hr\/sl\/wp-json\/wp\/v2\/pages"}],"about":[{"href":"https:\/\/cresanka.hr\/sl\/wp-json\/wp\/v2\/types\/page"}],"author":[{"embeddable":true,"href":"https:\/\/cresanka.hr\/sl\/wp-json\/wp\/v2\/users\/1"}],"replies":[{"embeddable":true,"href":"https:\/\/cresanka.hr\/sl\/wp-json\/wp\/v2\/comments?post=1244"}],"version-history":[{"count":13,"href":"https:\/\/cresanka.hr\/sl\/wp-json\/wp\/v2\/pages\/1244\/revisions"}],"predecessor-version":[{"id":2446,"href":"https:\/\/cresanka.hr\/sl\/wp-json\/wp\/v2\/pages\/1244\/revisions\/2446"}],"wp:attachment":[{"href":"https:\/\/cresanka.hr\/sl\/wp-json\/wp\/v2\/media?parent=1244"}],"curies":[{"name":"wp","href":"https:\/\/api.w.org\/{rel}","templated":true}]}}