{"id":1918,"date":"2024-01-17T12:37:45","date_gmt":"2024-01-17T12:37:45","guid":{"rendered":"https:\/\/cresanka.hr\/podatki-o-turisticni-agenciji\/"},"modified":"2024-01-17T12:48:48","modified_gmt":"2024-01-17T12:48:48","slug":"podatki-o-turisticni-agenciji","status":"publish","type":"page","link":"https:\/\/cresanka.hr\/sl\/podatki-o-turisticni-agenciji\/","title":{"rendered":"Podatki o turisti\u010dni agenciji"},"content":{"rendered":"<p>[et_pb_section fb_built=&#8221;1&#8243; next_background_color=&#8221;#ffffff&#8221; module_class=&#8221;dh-valign-center-section&#8221; _builder_version=&#8221;4.23.4&#8243; background_image=&#8221;https:\/\/cresanka.hr\/wp-content\/uploads\/2022\/09\/Plaza-Mali-Bok-Orlec-Cres.webp&#8221; height=&#8221;60vh&#8221; height_tablet=&#8221;80vh&#8221; height_phone=&#8221;80vh&#8221; height_last_edited=&#8221;on|phone&#8221; bottom_divider_style=&#8221;asymmetric&#8221; bottom_divider_flip=&#8221;vertical|horizontal&#8221; bottom_divider_height_tablet=&#8221;&#8221; bottom_divider_height_phone=&#8221;50px&#8221; bottom_divider_height_last_edited=&#8221;on|phone&#8221; global_colors_info=&#8221;{}&#8221;][et_pb_row _builder_version=&#8221;4.18.0&#8243; background_size=&#8221;initial&#8221; background_position=&#8221;top_left&#8221; background_repeat=&#8221;repeat&#8221; width=&#8221;55%&#8221; width_tablet=&#8221;55%&#8221; width_phone=&#8221;80%&#8221; width_last_edited=&#8221;on|phone&#8221; global_colors_info=&#8221;{}&#8221;][et_pb_column type=&#8221;4_4&#8243; _builder_version=&#8221;4.16&#8243; custom_padding=&#8221;|||&#8221; global_colors_info=&#8221;{}&#8221; custom_padding__hover=&#8221;|||&#8221;][et_pb_text _builder_version=&#8221;4.23.4&#8243; text_text_color=&#8221;#FFFFFF&#8221; header_font=&#8221;|300|||||||&#8221; header_text_color=&#8221;#FFFFFF&#8221; header_font_size=&#8221;4em&#8221; header_letter_spacing=&#8221;1px&#8221; header_5_text_color=&#8221;#FFFFFF&#8221; header_5_letter_spacing=&#8221;1px&#8221; header_5_line_height=&#8221;1.4em&#8221; header_6_font=&#8221;|800|||||||&#8221; header_6_text_align=&#8221;center&#8221; header_6_text_color=&#8221;#FFFFFF&#8221; header_6_font_size=&#8221;1em&#8221; header_6_letter_spacing=&#8221;4px&#8221; header_6_line_height=&#8221;1.4em&#8221; background_size=&#8221;initial&#8221; background_position=&#8221;top_left&#8221; background_repeat=&#8221;repeat&#8221; header_5_font_size_tablet=&#8221;&#8221; header_5_font_size_phone=&#8221;1.2em&#8221; header_5_font_size_last_edited=&#8221;on|phone&#8221; global_colors_info=&#8221;{}&#8221;]<\/p>\n<h1>Podatki o turisti\u010dni agenciji<\/h1>\n<p>[\/et_pb_text][\/et_pb_column][\/et_pb_row][\/et_pb_section][et_pb_section fb_built=&#8221;1&#8243; _builder_version=&#8221;4.18.0&#8243; _module_preset=&#8221;default&#8221; custom_padding=&#8221;0px||||false|false&#8221; global_colors_info=&#8221;{}&#8221;][et_pb_row column_structure=&#8221;3_4,1_4&#8243; _builder_version=&#8221;4.18.0&#8243; _module_preset=&#8221;default&#8221; width=&#8221;55%&#8221; width_tablet=&#8221;55%&#8221; width_phone=&#8221;80%&#8221; width_last_edited=&#8221;on|phone&#8221; border_color_bottom=&#8221;gcid-85037172-fba5-40c1-a92b-f6674d6e47fd&#8221; global_colors_info=&#8221;{%22gcid-85037172-fba5-40c1-a92b-f6674d6e47fd%22:%91%22border_color_bottom%22%93}&#8221;][et_pb_column type=&#8221;3_4&#8243; _builder_version=&#8221;4.18.0&#8243; _module_preset=&#8221;default&#8221; global_colors_info=&#8221;{}&#8221;][et_pb_text _builder_version=&#8221;4.23.4&#8243; _module_preset=&#8221;default&#8221; text_text_color=&#8221;#000000&#8243; text_letter_spacing=&#8221;0.5px&#8221; ul_font_size=&#8221;16px&#8221; ul_line_height=&#8221;2em&#8221; header_3_line_height=&#8221;2em&#8221; global_colors_info=&#8221;{}&#8221;]<\/p>\n<p>Vodja poslovalnice turisti\u010dne agencije:<br \/><strong>Vera Pope<\/strong><\/p>\n<p>Mati\u010dna \u0161tevilka subjekta:<br \/><strong>040017236<\/strong><\/p>\n<p>ID kodo:<br \/><strong>HR-B-51-040017236<\/strong><\/p>\n<p>Pristojni organ:<br \/><strong>Dr\u017eavni in\u0161pektorat \u2013 Turisti\u010dna in\u0161pekcija<br \/><\/strong>\u0160ubi\u0107eva 29, 10 000 Zagreb<\/p>\n<p>[\/et_pb_text][\/et_pb_column][et_pb_column type=&#8221;1_4&#8243; _builder_version=&#8221;4.18.0&#8243; _module_preset=&#8221;default&#8221; global_colors_info=&#8221;{}&#8221;][\/et_pb_column][\/et_pb_row][\/et_pb_section]<\/p>\n","protected":false},"excerpt":{"rendered":"<p>Podatki o turisti\u010dni agencijiVodja poslovalnice turisti\u010dne agencije:Vera Pope Mati\u010dna \u0161tevilka subjekta:040017236 ID kodo:HR-B-51-040017236 Pristojni organ:Dr\u017eavni in\u0161pektorat \u2013 Turisti\u010dna in\u0161pekcija\u0160ubi\u0107eva 29, 10 000 Zagreb<\/p>\n","protected":false},"author":1,"featured_media":0,"parent":0,"menu_order":0,"comment_status":"closed","ping_status":"closed","template":"","meta":{"_et_pb_use_builder":"on","_et_pb_old_content":"","_et_gb_content_width":"","footnotes":""},"class_list":["post-1918","page","type-page","status-publish","hentry"],"_links":{"self":[{"href":"https:\/\/cresanka.hr\/sl\/wp-json\/wp\/v2\/pages\/1918","targetHints":{"allow":["GET"]}}],"collection":[{"href":"https:\/\/cresanka.hr\/sl\/wp-json\/wp\/v2\/pages"}],"about":[{"href":"https:\/\/cresanka.hr\/sl\/wp-json\/wp\/v2\/types\/page"}],"author":[{"embeddable":true,"href":"https:\/\/cresanka.hr\/sl\/wp-json\/wp\/v2\/users\/1"}],"replies":[{"embeddable":true,"href":"https:\/\/cresanka.hr\/sl\/wp-json\/wp\/v2\/comments?post=1918"}],"version-history":[{"count":5,"href":"https:\/\/cresanka.hr\/sl\/wp-json\/wp\/v2\/pages\/1918\/revisions"}],"predecessor-version":[{"id":1932,"href":"https:\/\/cresanka.hr\/sl\/wp-json\/wp\/v2\/pages\/1918\/revisions\/1932"}],"wp:attachment":[{"href":"https:\/\/cresanka.hr\/sl\/wp-json\/wp\/v2\/media?parent=1918"}],"curies":[{"name":"wp","href":"https:\/\/api.w.org\/{rel}","templated":true}]}}